{"id":2,"date":"2023-11-29T22:01:39","date_gmt":"2023-11-29T21:01:39","guid":{"rendered":"http:\/\/www.imperial-automobiles.ca\/?page_id=2"},"modified":"2025-01-02T00:40:23","modified_gmt":"2025-01-01T23:40:23","slug":"page-d-exemple","status":"publish","type":"page","link":"https:\/\/www.imperial-automobiles.ca\/index.php\/page-d-exemple\/","title":{"rendered":"Contact"},"content":{"rendered":"\n<p><\/p>\n\n\n\n<blockquote class=\"wp-block-quote is-layout-flow wp-block-quote-is-layout-flow\">\n<p class=\"has-text-align-left\"><strong>Le premier contact se fera par mail. Pour toute \u00e9tude de votre projet veuillez m&rsquo;indiquer la marque et le mod\u00e8le, la finition, et le kilom\u00e9trage souhait\u00e9. Utilisez le formulaire de contact ci-dessous pour m&rsquo;indiquer les crit\u00e8res de s\u00e9lection. Si vous avez d\u00e9j\u00e0 trouv\u00e9 le v\u00e9hicule dans le Canada Atlantique n&rsquo;h\u00e9sitez pas \u00e0 m&rsquo;en faire part. <\/strong><\/p>\n\n\n\n<p><\/p>\n<\/blockquote>\n\n\n\n\n<div class=\"wpcf7 no-js\" id=\"wpcf7-f29-o1\" lang=\"fr-FR\" dir=\"ltr\" data-wpcf7-id=\"29\">\n<div class=\"screen-reader-response\"><p role=\"status\" aria-live=\"polite\" aria-atomic=\"true\"><\/p> <ul><\/ul><\/div>\n<form action=\"\/index.php\/wp-json\/wp\/v2\/pages\/2#wpcf7-f29-o1\" method=\"post\" class=\"wpcf7-form init\" aria-label=\"Formulaire de contact\" novalidate=\"novalidate\" data-status=\"init\">\n<fieldset class=\"hidden-fields-container\"><input type=\"hidden\" name=\"_wpcf7\" value=\"29\" \/><input type=\"hidden\" name=\"_wpcf7_version\" value=\"6.1.5\" \/><input type=\"hidden\" name=\"_wpcf7_locale\" value=\"fr_FR\" \/><input type=\"hidden\" name=\"_wpcf7_unit_tag\" value=\"wpcf7-f29-o1\" \/><input type=\"hidden\" name=\"_wpcf7_container_post\" value=\"0\" \/><input type=\"hidden\" name=\"_wpcf7_posted_data_hash\" value=\"\" \/>\n<\/fieldset>\n<p><label> Votre nom<br \/>\n<span class=\"wpcf7-form-control-wrap\" data-name=\"your-name\"><input size=\"40\" maxlength=\"400\" class=\"wpcf7-form-control wpcf7-text wpcf7-validates-as-required\" autocomplete=\"name\" aria-required=\"true\" aria-invalid=\"false\" value=\"\" type=\"text\" name=\"your-name\" \/><\/span> <\/label>\n<\/p>\n<p><label> Votre e-mail<br \/>\n<span class=\"wpcf7-form-control-wrap\" data-name=\"your-email\"><input size=\"40\" maxlength=\"400\" class=\"wpcf7-form-control wpcf7-email wpcf7-validates-as-required wpcf7-text wpcf7-validates-as-email\" autocomplete=\"email\" aria-required=\"true\" aria-invalid=\"false\" value=\"\" type=\"email\" name=\"your-email\" \/><\/span> <\/label>\n<\/p>\n<p><label> Votre t\u00e9l\u00e9phone<br \/>\n<span class=\"wpcf7-form-control-wrap\" data-name=\"Tlphone\"><input size=\"40\" maxlength=\"400\" class=\"wpcf7-form-control wpcf7-tel wpcf7-validates-as-required wpcf7-text wpcf7-validates-as-tel\" aria-required=\"true\" aria-invalid=\"false\" placeholder=\"+33\" value=\"\" type=\"tel\" name=\"Tlphone\" \/><\/span> <\/label>\n<\/p>\n<p><label> Objet<br \/>\n<span class=\"wpcf7-form-control-wrap\" data-name=\"your-subject\"><input size=\"40\" maxlength=\"400\" class=\"wpcf7-form-control wpcf7-text wpcf7-validates-as-required\" aria-required=\"true\" aria-invalid=\"false\" value=\"\" type=\"text\" name=\"your-subject\" \/><\/span> <\/label>\n<\/p>\n<p><label> Votre message (facultatif)<br \/>\n<span class=\"wpcf7-form-control-wrap\" data-name=\"your-message\"><textarea cols=\"40\" rows=\"10\" maxlength=\"2000\" class=\"wpcf7-form-control wpcf7-textarea\" aria-invalid=\"false\" name=\"your-message\"><\/textarea><\/span> <\/label>\n<\/p>\n<p><input class=\"wpcf7-form-control wpcf7-submit has-spinner\" type=\"submit\" value=\"Envoyer\" \/>\n<\/p><div class=\"wpcf7-response-output\" aria-hidden=\"true\"><\/div>\n<\/form>\n<\/div>\n\n\n\n\n<p><\/p>\n","protected":false},"excerpt":{"rendered":"<p>Le premier contact se fera par mail. Pour toute \u00e9tude de votre projet veuillez m&rsquo;indiquer la marque et le mod\u00e8le, la finition, et le kilom\u00e9trage souhait\u00e9. Utilisez le formulaire de contact ci-dessous pour m&rsquo;indiquer les crit\u00e8res de s\u00e9lection. Si vous avez d\u00e9j\u00e0 trouv\u00e9 le v\u00e9hicule dans le Canada Atlantique n&rsquo;h\u00e9sitez pas \u00e0 m&rsquo;en faire part.<\/p>\n","protected":false},"author":1,"featured_media":0,"parent":0,"menu_order":0,"comment_status":"closed","ping_status":"closed","template":"","meta":{"_fr_post_content":"<!-- wp:paragraph -->\n<p><\/p>\n<!-- \/wp:paragraph -->\n\n<!-- wp:quote -->\n<blockquote class=\"wp-block-quote\"><!-- wp:paragraph {\"align\":\"left\"} -->\n<p class=\"has-text-align-left\"><strong>Le premier contact se fera par mail. Pour toute \u00e9tude de votre projet veuillez m'indiquer la marque et le mod\u00e8le, la finition, et le kilom\u00e9trage souhait\u00e9. Utilisez le formulaire de contact ci-dessous pour m'indiquer les crit\u00e8res de s\u00e9lection. Si vous avez d\u00e9j\u00e0 trouv\u00e9 le v\u00e9hicule dans le Canada Atlantique n'h\u00e9sitez pas \u00e0 m'en faire part. <\/strong><\/p>\n<!-- \/wp:paragraph -->\n\n<!-- wp:paragraph -->\n<p><\/p>\n<!-- \/wp:paragraph --><\/blockquote>\n<!-- \/wp:quote -->\n\n<!-- wp:paragraph -->\n<p>[contact-form-7 id=\"2ec0ffd\" title=\"Formulaire de contact\"]<\/p>\n<!-- \/wp:paragraph -->\n\n<!-- wp:paragraph -->\n<p><\/p>\n<!-- \/wp:paragraph -->","_fr_post_name":"page-d-exemple","_fr_post_excerpt":"","_fr_post_title":"Contact","_en_post_content":"<!-- wp:paragraph -->\n<p>The first contact will be by e-mail. For any inquiry for a car importation or pre purchage inspection please let me know the make and model, trim level and desired mileage. <\/p>\n<!-- \/wp:paragraph -->\n\n<!-- wp:paragraph -->\n<p>Use the contact form bellow if you have already found your desired vehicle in France or Atlantic Canada please let me know<\/p>\n<!-- \/wp:paragraph -->\n\n<!-- wp:paragraph -->\n<p>[contact-form-7 id=\"2ec0ffd\" title=\"Contact form\"]<\/p>\n<!-- \/wp:paragraph -->\n\n<!-- wp:paragraph -->\n<p><\/p>\n<!-- \/wp:paragraph -->\n\n<!-- wp:paragraph -->\n<p><\/p>\n<!-- \/wp:paragraph -->","_en_post_name":"","_en_post_excerpt":"","_en_post_title":"","edit_language":"fr","footnotes":""},"class_list":["post-2","page","type-page","status-publish","hentry"],"_links":{"self":[{"href":"https:\/\/www.imperial-automobiles.ca\/index.php\/wp-json\/wp\/v2\/pages\/2","targetHints":{"allow":["GET"]}}],"collection":[{"href":"https:\/\/www.imperial-automobiles.ca\/index.php\/wp-json\/wp\/v2\/pages"}],"about":[{"href":"https:\/\/www.imperial-automobiles.ca\/index.php\/wp-json\/wp\/v2\/types\/page"}],"author":[{"embeddable":true,"href":"https:\/\/www.imperial-automobiles.ca\/index.php\/wp-json\/wp\/v2\/users\/1"}],"replies":[{"embeddable":true,"href":"https:\/\/www.imperial-automobiles.ca\/index.php\/wp-json\/wp\/v2\/comments?post=2"}],"version-history":[{"count":7,"href":"https:\/\/www.imperial-automobiles.ca\/index.php\/wp-json\/wp\/v2\/pages\/2\/revisions"}],"predecessor-version":[{"id":1048,"href":"https:\/\/www.imperial-automobiles.ca\/index.php\/wp-json\/wp\/v2\/pages\/2\/revisions\/1048"}],"wp:attachment":[{"href":"https:\/\/www.imperial-automobiles.ca\/index.php\/wp-json\/wp\/v2\/media?parent=2"}],"curies":[{"name":"wp","href":"https:\/\/api.w.org\/{rel}","templated":true}]}}