{"id":250,"date":"2024-03-22T12:35:15","date_gmt":"2024-03-22T11:35:15","guid":{"rendered":"https:\/\/www.imperial-automobiles.ca\/?page_id=250"},"modified":"2024-09-11T02:17:50","modified_gmt":"2024-09-11T00:17:50","slug":"partenaires","status":"publish","type":"page","link":"https:\/\/www.imperial-automobiles.ca\/index.php\/partenaires\/","title":{"rendered":"Partenaires"},"content":{"rendered":"\n<p><strong>Partenaires homologation<\/strong><\/p>\n\n\n\n<p><a href=\"https:\/\/www.facebook.com\/Americandetroit27\/\">American Detroit &#8211; Homologation et r\u00e9paration d\u00e9partement 27<\/a><\/p>\n\n\n\n<p><a href=\"https:\/\/grandtourismeimport.com\/\" data-type=\"link\" data-id=\"https:\/\/grandtourismeimport.com\/\">Grand Tourisme Import &#8211; Homologation d\u00e9partement 04<\/a><\/p>\n\n\n\n<p><a href=\"https:\/\/www.american-cars-passion-62.com\/\">American Passion 62 &#8211; Homologation d\u00e9partement 62<\/a><\/p>\n\n\n\n<p><a href=\"https:\/\/homologations.fr\/\">Homologation.fr &#8211; Homologation d\u00e9partement 55 &amp; 91<\/a><\/p>\n\n\n\n<p><a href=\"https:\/\/kvn-homologation.fr\/\">Kvn Homologation &#8211; Homologation d\u00e9partement 45<\/a><\/p>\n\n\n\n<p><a href=\"https:\/\/www.homologation-voiture-us.com\/\">Aix Homologation &#8211; Homologation d\u00e9partement 13<\/a><\/p>\n\n\n\n<p><a href=\"https:\/\/www.facebook.com\/p\/RD-Car-Service-100077103819382\/\">RD Car Service &#8211; Homologation d\u00e9partement 14<\/a><\/p>\n\n\n\n<p><strong>Partenaires vente de v\u00e9hicules<\/strong><\/p>\n\n\n\n<p><a href=\"https:\/\/www.caretmanspassion.fr\/\">Cars Et Mans Passion &#8211; Vente de v\u00e9hicules occasions d\u00e9partement 72<\/a><\/p>\n\n\n\n<p><a href=\"https:\/\/www.leboncoin.fr\/boutique\/3205435\/v8_import_bouaye.htm\">V8 Import Bouaye &#8211; Vente de v\u00e9hicules occasions d\u00e9partement 44<\/a><\/p>\n\n\n\n<p><a href=\"https:\/\/www.leboncoin.fr\/boutique\/8860\/garage_precisium_sarl_larbiou.htm\">SARL Larbiou &#8211; Vente de v\u00e9hicules occasions d\u00e9partement 35<\/a><\/p>\n\n\n\n<p><a href=\"https:\/\/www.garage-lga.fr\/\">Le Gall Automobiles &#8211; Vente et r\u00e9paration d\u00e9partement 29<\/a><\/p>\n\n\n\n<p><strong>Partenaires pr\u00e9paration<\/strong> <\/p>\n\n\n\n<p><a href=\"https:\/\/www.facebook.com\/EstheticSunCar\">Esthetic Sun Car &#8211; Pr\u00e9paration esth\u00e9tique automobile d\u00e9partement 35<\/a><\/p>\n\n\n\n<p><strong>Partenaires divers<\/strong><\/p>\n\n\n\n<p><a href=\"https:\/\/ecuriesetgitesdebreizhvalley.fr\/\">\u00c9curie gites de Breizh Valley &#8211; Auberge et pensionnat \u00e9questre <\/a><\/p>\n\n\n\n<p><a href=\"https:\/\/www.do-concept.com\/\">DO Concept &#8211; D\u00e9veloppement applicatif web<\/a><\/p>\n\n\n\n<p><a href=\"https:\/\/www.evolution-libre.com\/\">\u00c9volution Libre &#8211; L&rsquo;art libre et ind\u00e9pendant<\/a><\/p>\n\n\n\n<p><\/p>\n","protected":false},"excerpt":{"rendered":"<p>Partenaires homologation American Detroit &#8211; Homologation et r\u00e9paration d\u00e9partement 27 Grand Tourisme Import &#8211; Homologation d\u00e9partement 04 American Passion 62 &#8211; Homologation d\u00e9partement 62 Homologation.fr &#8211; Homologation d\u00e9partement 55 &amp; 91 Kvn Homologation &#8211; Homologation d\u00e9partement 45 Aix Homologation &#8211; Homologation d\u00e9partement 13 RD Car Service &#8211; Homologation d\u00e9partement 14 Partenaires vente de v\u00e9hicules Cars [&hellip;]<\/p>\n","protected":false},"author":1,"featured_media":0,"parent":0,"menu_order":0,"comment_status":"closed","ping_status":"closed","template":"","meta":{"_fr_post_content":"<!-- wp:paragraph -->\n<p><strong>Partenaires homologation<\/strong><\/p>\n<!-- \/wp:paragraph -->\n\n<!-- wp:paragraph -->\n<p><a href=\"https:\/\/www.facebook.com\/Americandetroit27\/\">American Detroit - Homologation et r\u00e9paration d\u00e9partement 27<\/a><\/p>\n<!-- \/wp:paragraph -->\n\n<!-- wp:paragraph -->\n<p><a href=\"https:\/\/grandtourismeimport.com\/\" data-type=\"link\" data-id=\"https:\/\/grandtourismeimport.com\/\">Grand Tourisme Import - Homologation d\u00e9partement 04<\/a><\/p>\n<!-- \/wp:paragraph -->\n\n<!-- wp:paragraph -->\n<p><a href=\"https:\/\/www.american-cars-passion-62.com\/\">American Passion 62 - Homologation d\u00e9partement 62<\/a><\/p>\n<!-- \/wp:paragraph -->\n\n<!-- wp:paragraph -->\n<p><a href=\"https:\/\/homologations.fr\/\">Homologation.fr - Homologation d\u00e9partement 55 &amp; 91<\/a><\/p>\n<!-- \/wp:paragraph -->\n\n<!-- wp:paragraph -->\n<p><a href=\"https:\/\/kvn-homologation.fr\/\">Kvn Homologation - Homologation d\u00e9partement 45<\/a><\/p>\n<!-- \/wp:paragraph -->\n\n<!-- wp:paragraph -->\n<p><a href=\"https:\/\/www.homologation-voiture-us.com\/\">Aix Homologation - Homologation d\u00e9partement 13<\/a><\/p>\n<!-- \/wp:paragraph -->\n\n<!-- wp:paragraph -->\n<p><a href=\"https:\/\/www.facebook.com\/p\/RD-Car-Service-100077103819382\/\">RD Car Service - Homologation d\u00e9partement 14<\/a><\/p>\n<!-- \/wp:paragraph -->\n\n<!-- wp:paragraph -->\n<p><strong>Partenaires vente de v\u00e9hicules<\/strong><\/p>\n<!-- \/wp:paragraph -->\n\n<!-- wp:paragraph -->\n<p><a href=\"https:\/\/www.caretmanspassion.fr\/\">Cars Et Mans Passion - Vente de v\u00e9hicules occasions d\u00e9partement 72<\/a><\/p>\n<!-- \/wp:paragraph -->\n\n<!-- wp:paragraph -->\n<p><a href=\"https:\/\/www.leboncoin.fr\/boutique\/3205435\/v8_import_bouaye.htm\">V8 Import Bouaye - Vente de v\u00e9hicules occasions d\u00e9partement 44<\/a><\/p>\n<!-- \/wp:paragraph -->\n\n<!-- wp:paragraph -->\n<p><a href=\"https:\/\/www.leboncoin.fr\/boutique\/8860\/garage_precisium_sarl_larbiou.htm\">SARL Larbiou - Vente de v\u00e9hicules occasions d\u00e9partement 35<\/a><\/p>\n<!-- \/wp:paragraph -->\n\n<!-- wp:paragraph -->\n<p><a href=\"https:\/\/www.garage-lga.fr\/\">Le Gall Automobiles - Vente et r\u00e9paration d\u00e9partement 29<\/a><\/p>\n<!-- \/wp:paragraph -->\n\n<!-- wp:paragraph -->\n<p><strong>Partenaires pr\u00e9paration<\/strong> <\/p>\n<!-- \/wp:paragraph -->\n\n<!-- wp:paragraph -->\n<p><a href=\"https:\/\/www.facebook.com\/EstheticSunCar\">Esthetic Sun Car - Pr\u00e9paration esth\u00e9tique automobile d\u00e9partement 35<\/a><\/p>\n<!-- \/wp:paragraph -->\n\n<!-- wp:paragraph -->\n<p><strong>Partenaires divers<\/strong><\/p>\n<!-- \/wp:paragraph -->\n\n<!-- wp:paragraph -->\n<p><a href=\"https:\/\/ecuriesetgitesdebreizhvalley.fr\/\">\u00c9curie gites de Breizh Valley - Auberge et pensionnat \u00e9questre <\/a><\/p>\n<!-- \/wp:paragraph -->\n\n<!-- wp:paragraph -->\n<p><a href=\"https:\/\/www.do-concept.com\/\">DO Concept - D\u00e9veloppement applicatif web<\/a><\/p>\n<!-- \/wp:paragraph -->\n\n<!-- wp:paragraph -->\n<p><a href=\"https:\/\/www.evolution-libre.com\/\">\u00c9volution Libre - L'art libre et ind\u00e9pendant<\/a><\/p>\n<!-- \/wp:paragraph -->\n\n<!-- wp:paragraph -->\n<p><\/p>\n<!-- \/wp:paragraph -->","_fr_post_name":"partenaires","_fr_post_excerpt":"","_fr_post_title":"Partenaires","_en_post_content":"","_en_post_name":"","_en_post_excerpt":"","_en_post_title":"","edit_language":"fr","footnotes":""},"class_list":["post-250","page","type-page","status-publish","hentry"],"_links":{"self":[{"href":"https:\/\/www.imperial-automobiles.ca\/index.php\/wp-json\/wp\/v2\/pages\/250","targetHints":{"allow":["GET"]}}],"collection":[{"href":"https:\/\/www.imperial-automobiles.ca\/index.php\/wp-json\/wp\/v2\/pages"}],"about":[{"href":"https:\/\/www.imperial-automobiles.ca\/index.php\/wp-json\/wp\/v2\/types\/page"}],"author":[{"embeddable":true,"href":"https:\/\/www.imperial-automobiles.ca\/index.php\/wp-json\/wp\/v2\/users\/1"}],"replies":[{"embeddable":true,"href":"https:\/\/www.imperial-automobiles.ca\/index.php\/wp-json\/wp\/v2\/comments?post=250"}],"version-history":[{"count":24,"href":"https:\/\/www.imperial-automobiles.ca\/index.php\/wp-json\/wp\/v2\/pages\/250\/revisions"}],"predecessor-version":[{"id":1032,"href":"https:\/\/www.imperial-automobiles.ca\/index.php\/wp-json\/wp\/v2\/pages\/250\/revisions\/1032"}],"wp:attachment":[{"href":"https:\/\/www.imperial-automobiles.ca\/index.php\/wp-json\/wp\/v2\/media?parent=250"}],"curies":[{"name":"wp","href":"https:\/\/api.w.org\/{rel}","templated":true}]}}