{"id":276,"date":"2024-04-23T14:43:29","date_gmt":"2024-04-23T12:43:29","guid":{"rendered":"https:\/\/www.imperial-automobiles.ca\/?page_id=276"},"modified":"2024-05-01T20:10:26","modified_gmt":"2024-05-01T18:10:26","slug":"service-de-rapatriement","status":"publish","type":"page","link":"https:\/\/www.imperial-automobiles.ca\/index.php\/service-de-rapatriement\/","title":{"rendered":"Service de rapatriement"},"content":{"rendered":"\n<div class=\"wp-block-group alignfull has-accent-background-color has-background has-global-padding is-layout-constrained wp-container-core-group-is-layout-669513ed wp-block-group-is-layout-constrained\" style=\"margin-top:0;margin-bottom:0;padding-top:var(--wp--preset--spacing--50);padding-right:var(--wp--preset--spacing--50);padding-bottom:var(--wp--preset--spacing--50);padding-left:var(--wp--preset--spacing--50)\">\n<div class=\"wp-block-columns alignwide is-layout-flex wp-container-core-columns-is-layout-1da03c2a wp-block-columns-is-layout-flex\">\n<div class=\"wp-block-column is-vertically-aligned-stretch is-layout-flow wp-block-column-is-layout-flow\" style=\"flex-basis:50%\">\n<div class=\"wp-block-group is-vertical is-content-justification-stretch is-layout-flex wp-container-core-group-is-layout-444d5ee8 wp-block-group-is-layout-flex\" style=\"min-height:100%\">\n<p><\/p>\n\n\n\n<p class=\"has-text-align-left has-heading-font-family has-x-large-font-size\" style=\"line-height:1.2\">Vous souhaitez venir vivre au Canada et vous voulez conserver votre v\u00e9hicule fran\u00e7ais. Un service de rapatriement est disponible. <\/p>\n\n\n\n<p>Que vous soyez r\u00e9sident permanent, en PVT ou en transit dans le Canada vous pouvez emporter votre v\u00e9hicule avec vous au Canada tant que le v\u00e9hicule est \u00e2g\u00e9 de plus de quinze ans. Un service pour immatriculer votre v\u00e9hicule selon la province est \u00e9galement possible.<\/p>\n\n\n\n<figure class=\"wp-block-embed is-type-video is-provider-youtube wp-block-embed-youtube\"><div class=\"wp-block-embed__wrapper\">\n<iframe loading=\"lazy\" title=\"Importation d\u2019un v\u00e9hicule motoris\u00e9 au Canada\" width=\"500\" height=\"281\" src=\"https:\/\/www.youtube.com\/embed\/8hPEKmZKYx8?feature=oembed\" frameborder=\"0\" allow=\"accelerometer; autoplay; clipboard-write; encrypted-media; gyroscope; picture-in-picture; web-share\" referrerpolicy=\"strict-origin-when-cross-origin\" allowfullscreen><\/iframe>\n<\/div><\/figure>\n\n\n\n<p>L&rsquo;op\u00e9ration est possible dans le sens inverse si vous \u00eates Fran\u00e7ais et que vous revenez sur l\u2019hexagone, il est possible d&rsquo;organiser le transport du ou des v\u00e9hicules, l&rsquo;homologation du v\u00e9hicule peut-\u00eatre n\u00e9cessaire.<\/p>\n<\/div>\n<\/div>\n\n\n\n<div class=\"wp-block-column is-vertically-aligned-center is-layout-flow wp-block-column-is-layout-flow\" style=\"flex-basis:50%\">\n<figure class=\"wp-block-image size-full is-style-rounded is-style-rounded--1\"><img loading=\"lazy\" decoding=\"async\" width=\"500\" height=\"489\" src=\"https:\/\/www.imperial-automobiles.ca\/wp-content\/uploads\/2024\/04\/rap.png\" alt=\"\" class=\"wp-image-278\" style=\"aspect-ratio:3\/4;object-fit:cover\" srcset=\"https:\/\/www.imperial-automobiles.ca\/wp-content\/uploads\/2024\/04\/rap.png 500w, https:\/\/www.imperial-automobiles.ca\/wp-content\/uploads\/2024\/04\/rap-300x293.png 300w\" sizes=\"auto, (max-width: 500px) 100vw, 500px\" \/><\/figure>\n<\/div>\n<\/div>\n<\/div>\n\n\n\n<div class=\"wp-block-group alignfull has-accent-5-background-color has-background has-global-padding is-layout-constrained wp-container-core-group-is-layout-d89aad35 wp-block-group-is-layout-constrained\" style=\"margin-top:0;margin-bottom:0;padding-top:var(--wp--preset--spacing--50);padding-right:var(--wp--preset--spacing--50);padding-bottom:var(--wp--preset--spacing--50);padding-left:var(--wp--preset--spacing--50)\">\n<div class=\"wp-block-columns alignwide is-layout-flex wp-container-core-columns-is-layout-1da03c2a wp-block-columns-is-layout-flex\">\n<div class=\"wp-block-column is-vertically-aligned-center is-layout-flow wp-block-column-is-layout-flow\" style=\"flex-basis:60%\">\n<div class=\"wp-block-media-text is-stacked-on-mobile is-style-rounded\"><figure class=\"wp-block-media-text__media\"><img loading=\"lazy\" decoding=\"async\" width=\"727\" height=\"364\" src=\"https:\/\/www.imperial-automobiles.ca\/wp-content\/uploads\/2024\/04\/Sans-titre-2.jpg\" alt=\"\" class=\"wp-image-279 size-full\" srcset=\"https:\/\/www.imperial-automobiles.ca\/wp-content\/uploads\/2024\/04\/Sans-titre-2.jpg 727w, https:\/\/www.imperial-automobiles.ca\/wp-content\/uploads\/2024\/04\/Sans-titre-2-300x150.jpg 300w\" sizes=\"auto, (max-width: 727px) 100vw, 727px\" \/><\/figure><div class=\"wp-block-media-text__content\">\n<p>Plaque standard personnalisable de Nouvelle-\u00c9cosse<\/p>\n<\/div><\/div>\n\n\n\n<div class=\"wp-block-media-text is-stacked-on-mobile is-style-rounded\"><figure class=\"wp-block-media-text__media\"><img loading=\"lazy\" decoding=\"async\" width=\"470\" height=\"264\" src=\"https:\/\/www.imperial-automobiles.ca\/wp-content\/uploads\/2024\/04\/image.jpg\" alt=\"\" class=\"wp-image-280 size-full\" srcset=\"https:\/\/www.imperial-automobiles.ca\/wp-content\/uploads\/2024\/04\/image.jpg 470w, https:\/\/www.imperial-automobiles.ca\/wp-content\/uploads\/2024\/04\/image-300x169.jpg 300w\" sizes=\"auto, (max-width: 470px) 100vw, 470px\" \/><\/figure><div class=\"wp-block-media-text__content\">\n<p>Plaque Acadienne personnalisable de Nouvelle-\u00c9cosse<\/p>\n<\/div><\/div>\n<\/div>\n\n\n\n<div class=\"wp-block-column is-layout-flow wp-block-column-is-layout-flow\" style=\"flex-basis:40%\">\n<div class=\"wp-block-group has-global-padding is-layout-constrained wp-block-group-is-layout-constrained\">\n<h2 class=\"wp-block-heading\">Plaques personnalis\u00e9s<\/h2>\n\n\n\n<p>Selon votre province vous pouvez choisir de personnaliser votre plaque d&rsquo;immatriculation.  <\/p>\n<\/div>\n<\/div>\n<\/div>\n<\/div>\n\n\n","protected":false},"excerpt":{"rendered":"<p>Vous souhaitez venir vivre au Canada et vous voulez conserver votre v\u00e9hicule fran\u00e7ais. Un service de rapatriement est disponible. Que vous soyez r\u00e9sident permanent, en PVT ou en transit dans le Canada vous pouvez emporter votre v\u00e9hicule avec vous au Canada tant que le v\u00e9hicule est \u00e2g\u00e9 de plus de quinze ans. Un service pour [&hellip;]<\/p>\n","protected":false},"author":1,"featured_media":0,"parent":0,"menu_order":0,"comment_status":"closed","ping_status":"closed","template":"","meta":{"_fr_post_content":"<!-- wp:group {\"align\":\"full\",\"style\":{\"spacing\":{\"margin\":{\"top\":\"0\",\"bottom\":\"0\"},\"padding\":{\"top\":\"var:preset|spacing|50\",\"bottom\":\"var:preset|spacing|50\",\"left\":\"var:preset|spacing|50\",\"right\":\"var:preset|spacing|50\"}}},\"backgroundColor\":\"accent\",\"layout\":{\"type\":\"constrained\"}} -->\n<div class=\"wp-block-group alignfull has-accent-background-color has-background\" style=\"margin-top:0;margin-bottom:0;padding-top:var(--wp--preset--spacing--50);padding-right:var(--wp--preset--spacing--50);padding-bottom:var(--wp--preset--spacing--50);padding-left:var(--wp--preset--spacing--50)\"><!-- wp:columns {\"align\":\"wide\",\"style\":{\"spacing\":{\"blockGap\":{\"top\":\"var:preset|spacing|40\",\"left\":\"var:preset|spacing|50\"}}}} -->\n<div class=\"wp-block-columns alignwide\"><!-- wp:column {\"verticalAlignment\":\"stretch\",\"width\":\"50%\"} -->\n<div class=\"wp-block-column is-vertically-aligned-stretch\" style=\"flex-basis:50%\"><!-- wp:group {\"style\":{\"dimensions\":{\"minHeight\":\"100%\"}},\"layout\":{\"type\":\"flex\",\"orientation\":\"vertical\",\"justifyContent\":\"stretch\",\"verticalAlignment\":\"space-between\"}} -->\n<div class=\"wp-block-group\" style=\"min-height:100%\"><!-- wp:paragraph -->\n<p><\/p>\n<!-- \/wp:paragraph -->\n\n<!-- wp:paragraph {\"align\":\"left\",\"style\":{\"typography\":{\"lineHeight\":\"1.2\"}},\"fontSize\":\"x-large\",\"fontFamily\":\"heading\"} -->\n<p class=\"has-text-align-left has-heading-font-family has-x-large-font-size\" style=\"line-height:1.2\">Vous souhaitez venir vivre au Canada et vous voulez conserver votre v\u00e9hicule fran\u00e7ais. Un service de rapatriement est disponible. <\/p>\n<!-- \/wp:paragraph -->\n\n<!-- wp:paragraph -->\n<p>Que vous soyez r\u00e9sident permanent, en PVT ou en transit dans le Canada vous pouvez emporter votre v\u00e9hicule avec vous au Canada tant que le v\u00e9hicule est \u00e2g\u00e9 de plus de quinze ans. Un service pour immatriculer votre v\u00e9hicule selon la province est \u00e9galement possible.<\/p>\n<!-- \/wp:paragraph -->\n\n<!-- wp:embed {\"url\":\"https:\/\/www.youtube.com\/watch?v=8hPEKmZKYx8\",\"type\":\"video\",\"providerNameSlug\":\"youtube\"} -->\n<figure class=\"wp-block-embed is-type-video is-provider-youtube wp-block-embed-youtube\"><div class=\"wp-block-embed__wrapper\">\nhttps:\/\/www.youtube.com\/watch?v=8hPEKmZKYx8\n<\/div><\/figure>\n<!-- \/wp:embed -->\n\n<!-- wp:paragraph -->\n<p>L'op\u00e9ration est possible dans le sens inverse si vous \u00eates Fran\u00e7ais et que vous revenez sur l\u2019hexagone, il est possible d'organiser le transport du ou des v\u00e9hicules, l'homologation du v\u00e9hicule peut-\u00eatre n\u00e9cessaire.<\/p>\n<!-- \/wp:paragraph --><\/div>\n<!-- \/wp:group --><\/div>\n<!-- \/wp:column -->\n\n<!-- wp:column {\"verticalAlignment\":\"center\",\"width\":\"50%\"} -->\n<div class=\"wp-block-column is-vertically-aligned-center\" style=\"flex-basis:50%\"><!-- wp:image {\"id\":278,\"aspectRatio\":\"3\/4\",\"scale\":\"cover\",\"sizeSlug\":\"full\",\"linkDestination\":\"none\",\"className\":\"is-style-rounded\"} -->\n<figure class=\"wp-block-image size-full is-style-rounded\"><img src=\"https:\/\/www.imperial-automobiles.ca\/wp-content\/uploads\/2024\/04\/rap.png\" alt=\"\" class=\"wp-image-278\" style=\"aspect-ratio:3\/4;object-fit:cover\"\/><\/figure>\n<!-- \/wp:image --><\/div>\n<!-- \/wp:column --><\/div>\n<!-- \/wp:columns --><\/div>\n<!-- \/wp:group -->\n\n<!-- wp:group {\"align\":\"full\",\"style\":{\"spacing\":{\"padding\":{\"top\":\"var:preset|spacing|50\",\"bottom\":\"var:preset|spacing|50\",\"left\":\"var:preset|spacing|50\",\"right\":\"var:preset|spacing|50\"},\"margin\":{\"top\":\"0\",\"bottom\":\"0\"}}},\"backgroundColor\":\"accent-5\",\"layout\":{\"type\":\"constrained\"}} -->\n<div class=\"wp-block-group alignfull has-accent-5-background-color has-background\" style=\"margin-top:0;margin-bottom:0;padding-top:var(--wp--preset--spacing--50);padding-right:var(--wp--preset--spacing--50);padding-bottom:var(--wp--preset--spacing--50);padding-left:var(--wp--preset--spacing--50)\"><!-- wp:columns {\"align\":\"wide\",\"style\":{\"spacing\":{\"blockGap\":{\"top\":\"var:preset|spacing|40\",\"left\":\"var:preset|spacing|50\"}}}} -->\n<div class=\"wp-block-columns alignwide\"><!-- wp:column {\"verticalAlignment\":\"center\",\"width\":\"60%\"} -->\n<div class=\"wp-block-column is-vertically-aligned-center\" style=\"flex-basis:60%\"><!-- wp:media-text {\"mediaId\":279,\"mediaType\":\"image\",\"className\":\"is-style-rounded\"} -->\n<div class=\"wp-block-media-text is-stacked-on-mobile is-style-rounded\"><figure class=\"wp-block-media-text__media\"><img src=\"https:\/\/www.imperial-automobiles.ca\/wp-content\/uploads\/2024\/04\/Sans-titre-2.jpg\" alt=\"\" class=\"wp-image-279 size-full\"\/><\/figure><div class=\"wp-block-media-text__content\"><!-- wp:paragraph {\"placeholder\":\"Contenu\u2026\"} -->\n<p>Plaque standard personnalisable de Nouvelle-\u00c9cosse<\/p>\n<!-- \/wp:paragraph --><\/div><\/div>\n<!-- \/wp:media-text -->\n\n<!-- wp:media-text {\"mediaId\":280,\"mediaLink\":\"https:\/\/www.imperial-automobiles.ca\/?attachment_id=280\",\"mediaType\":\"image\",\"className\":\"is-style-rounded\"} -->\n<div class=\"wp-block-media-text is-stacked-on-mobile is-style-rounded\"><figure class=\"wp-block-media-text__media\"><img src=\"https:\/\/www.imperial-automobiles.ca\/wp-content\/uploads\/2024\/04\/image.jpg\" alt=\"\" class=\"wp-image-280 size-full\"\/><\/figure><div class=\"wp-block-media-text__content\"><!-- wp:paragraph {\"placeholder\":\"Contenu\u2026\"} -->\n<p>Plaque Acadienne personnalisable de Nouvelle-\u00c9cosse<\/p>\n<!-- \/wp:paragraph --><\/div><\/div>\n<!-- \/wp:media-text --><\/div>\n<!-- \/wp:column -->\n\n<!-- wp:column {\"width\":\"40%\"} -->\n<div class=\"wp-block-column\" style=\"flex-basis:40%\"><!-- wp:group {\"layout\":{\"type\":\"constrained\"}} -->\n<div class=\"wp-block-group\"><!-- wp:heading -->\n<h2 class=\"wp-block-heading\">Plaques personnalis\u00e9s<\/h2>\n<!-- \/wp:heading -->\n\n<!-- wp:paragraph -->\n<p>Selon votre province vous pouvez choisir de personnaliser votre plaque d'immatriculation.  <\/p>\n<!-- \/wp:paragraph --><\/div>\n<!-- \/wp:group --><\/div>\n<!-- \/wp:column --><\/div>\n<!-- \/wp:columns --><\/div>\n<!-- \/wp:group -->\n\n<!-- wp:pattern {\"slug\":\"clients-section\"} \/-->","_fr_post_name":"service-de-rapatriement","_fr_post_excerpt":"","_fr_post_title":"Service de rapatriement","_en_post_content":"","_en_post_name":"","_en_post_excerpt":"","_en_post_title":"","edit_language":"fr","footnotes":""},"class_list":["post-276","page","type-page","status-publish","hentry"],"_links":{"self":[{"href":"https:\/\/www.imperial-automobiles.ca\/index.php\/wp-json\/wp\/v2\/pages\/276","targetHints":{"allow":["GET"]}}],"collection":[{"href":"https:\/\/www.imperial-automobiles.ca\/index.php\/wp-json\/wp\/v2\/pages"}],"about":[{"href":"https:\/\/www.imperial-automobiles.ca\/index.php\/wp-json\/wp\/v2\/types\/page"}],"author":[{"embeddable":true,"href":"https:\/\/www.imperial-automobiles.ca\/index.php\/wp-json\/wp\/v2\/users\/1"}],"replies":[{"embeddable":true,"href":"https:\/\/www.imperial-automobiles.ca\/index.php\/wp-json\/wp\/v2\/comments?post=276"}],"version-history":[{"count":9,"href":"https:\/\/www.imperial-automobiles.ca\/index.php\/wp-json\/wp\/v2\/pages\/276\/revisions"}],"predecessor-version":[{"id":316,"href":"https:\/\/www.imperial-automobiles.ca\/index.php\/wp-json\/wp\/v2\/pages\/276\/revisions\/316"}],"wp:attachment":[{"href":"https:\/\/www.imperial-automobiles.ca\/index.php\/wp-json\/wp\/v2\/media?parent=276"}],"curies":[{"name":"wp","href":"https:\/\/api.w.org\/{rel}","templated":true}]}}