{"id":57,"date":"2023-12-24T09:24:08","date_gmt":"2023-12-24T08:24:08","guid":{"rendered":"https:\/\/www.imperial-automobiles.ca\/?page_id=57"},"modified":"2024-06-08T08:43:04","modified_gmt":"2024-06-08T06:43:04","slug":"liste-des-vo-vn","status":"publish","type":"page","link":"https:\/\/www.imperial-automobiles.ca\/index.php\/liste-des-vo-vn\/","title":{"rendered":"Liste des VO \/ VN"},"content":{"rendered":"\n<p>Voici la liste de v\u00e9hicules que vous pouvez consulter. Vous pouvez utiliser les sites ci-dessous. A savoir que Autotrader (autohebdo en Fran\u00e7ais) est l&rsquo;\u00e9quivalent de La centrale en France. Et que le site Kijiji est l&rsquo;\u00e9quivalent du site Le Bon Coin.<\/p>\n\n\n\n<p>Le mode de fonctionnement des concessionnaires au Canada est diff\u00e9rent de celui de la France. En effet ces derniers pr\u00e9f\u00e8rent publier sur leurs propres sites internet les annonces de leurs v\u00e9hicules<\/p>\n\n\n\n<p>O&rsquo;reagan&rsquo;s, Steele Auto, Bruce sont les principaux acteurs du march\u00e9 VN \/ VO en Nouvelle-\u00c9cosse. Ensuite se greffent d&rsquo;autres revendeurs ind\u00e9pendants.<\/p>\n\n\n\n<p>Attention il est de plus en plus compliqu\u00e9 de naviguer sur ces sites depuis la France \u00e0 cause d&rsquo;un blocage r\u00e9gional. Parfois un VPN est n\u00e9cessaire. <\/p>\n\n\n\n<p><a href=\"https:\/\/www.kijiji.ca\/b-autos-vehicules\/cit-of-halifax\/c27l1700321?sort=dateDesc&amp;radius=505.0&amp;address=Halifax%2C+NS&amp;ll=44.647581%2C-63.572768\">Kijiji Nouvelle-\u00e9cosse &#8211; Nouveau-Brunswick<\/a><\/p>\n\n\n\n<p><a href=\"https:\/\/www.kijiji.ca\/b-autos-vehicules\/cit-of-halifax\/c27l1700321?sort=dateDesc&amp;radius=1000.0&amp;address=Halifax%2C+NS&amp;ll=44.647581%2C-63.572768\">Kijiji Nouvelle-\u00e9cosse &#8211; Qu\u00e9bec<\/a><\/p>\n\n\n\n<p><a href=\"https:\/\/www.autohebdo.net\/autos\/ns\/halifax\/?rcp=15&amp;rcs=0&amp;srt=35&amp;prx=500&amp;prv=Nouvelle-%C3%89cosse&amp;loc=B3H0A6&amp;hprc=True&amp;wcp=True&amp;sts=Neuf-Occasion&amp;inMarket=advancedSearch\">Autotrader Nouvelle-\u00e9cosse &#8211; Nouveau-Brunswick<\/a><\/p>\n\n\n\n<p><a href=\"https:\/\/www.autohebdo.net\/autos\/ns\/halifax\/?rcp=15&amp;rcs=0&amp;srt=35&amp;prx=1000&amp;prv=Nouvelle-%C3%89cosse&amp;loc=B3H0A6&amp;hprc=True&amp;wcp=True&amp;sts=Neuf-Occasion&amp;inMarket=advancedSearch\">Autotrader Nouvelle-\u00e9cosse &#8211; Qu\u00e9bec<\/a><\/p>\n\n\n\n<p><\/p>\n\n\n\n<p class=\"has-text-align-center\"><strong>Vous pouvez consulter les listes de concessionnaires locaux<\/strong><\/p>\n\n\n\n<p><a href=\"https:\/\/www.oregans.com\/inventory\/\" data-type=\"link\" data-id=\"https:\/\/www.oregans.com\/inventory\/\">O&rsquo;regan&rsquo;s &#8211; Concessionnaire multimarques en Nouvelle-\u00c9cosse<\/a><\/p>\n\n\n\n<p><a href=\"https:\/\/steeleauto.com\/inventory\/search?type=&amp;body=&amp;make=&amp;model=\">Steele Auto Group &#8211; Concessionnaire multimarques en Nouvelle-\u00c9cosse<\/a><\/p>\n\n\n\n<p><a href=\"https:\/\/www.bruceautogroup.com\/vehicles\/used\/\">Bruce Auto Group &#8211; Concessionnaire multimarque en Nouvelle-\u00e9cosse \/!\\ Attention VPN Requis pour acc\u00e8s \/!\\<\/a><\/p>\n\n\n\n<p class=\"has-text-align-center\"><strong>Vente \u00e0 marchands<\/strong><\/p>\n\n\n\n<p><a href=\"https:\/\/www.oreganswholesaledirecthalifax.com\/inventory\/\" data-type=\"link\" data-id=\"https:\/\/www.oreganswholesaledirecthalifax.com\/inventory\/\">O&rsquo;Reagan&rsquo;s &#8211; Vente \u00e0 marchands &#8211; Halifax<\/a><\/p>\n\n\n\n<p><a href=\"https:\/\/www.oreganswholesaledirectdartmouth.com\/\">O&rsquo;Reagan&rsquo;s &#8211; Vente \u00e0 marchands &#8211; Dartmouth<\/a><\/p>\n\n\n\n<p><a href=\"https:\/\/www.oreganswholesaledirectsouthshore.com\/\">O&rsquo;Reagan&rsquo;s &#8211; Vente \u00e0 marchands &#8211; South Shore <\/a><\/p>\n\n\n\n<p>Si vous ne trouvez pas le v\u00e9hicule souhait\u00e9, n&rsquo;h\u00e9sitez pas \u00e0 utiliser la page contact afin de me soumettre vos crit\u00e8res de recherches. <\/p>\n\n\n\n<p><\/p>\n","protected":false},"excerpt":{"rendered":"<p>Voici la liste de v\u00e9hicules que vous pouvez consulter. Vous pouvez utiliser les sites ci-dessous. A savoir que Autotrader (autohebdo en Fran\u00e7ais) est l&rsquo;\u00e9quivalent de La centrale en France. Et que le site Kijiji est l&rsquo;\u00e9quivalent du site Le Bon Coin. Le mode de fonctionnement des concessionnaires au Canada est diff\u00e9rent de celui de la [&hellip;]<\/p>\n","protected":false},"author":1,"featured_media":0,"parent":0,"menu_order":0,"comment_status":"closed","ping_status":"closed","template":"","meta":{"_fr_post_content":"<!-- wp:paragraph -->\n<p>Voici la liste de v\u00e9hicules que vous pouvez consulter. Vous pouvez utiliser les sites ci-dessous. A savoir que Autotrader (autohebdo en Fran\u00e7ais) est l'\u00e9quivalent de La centrale en France. Et que le site Kijiji est l'\u00e9quivalent du site Le Bon Coin.<\/p>\n<!-- \/wp:paragraph -->\n\n<!-- wp:paragraph -->\n<p>Le mode de fonctionnement des concessionnaires au Canada est diff\u00e9rent de celui de la France. En effet ces derniers pr\u00e9f\u00e8rent publier sur leurs propres sites internet les annonces de leurs v\u00e9hicules<\/p>\n<!-- \/wp:paragraph -->\n\n<!-- wp:paragraph -->\n<p>O'reagan's, Steele Auto, Bruce sont les principaux acteurs du march\u00e9 VN \/ VO en Nouvelle-\u00c9cosse. Ensuite se greffent d'autres revendeurs ind\u00e9pendants.<\/p>\n<!-- \/wp:paragraph -->\n\n<!-- wp:paragraph -->\n<p>Attention il est de plus en plus compliqu\u00e9 de naviguer sur ces sites depuis la France \u00e0 cause d'un blocage r\u00e9gional. Parfois un VPN est n\u00e9cessaire. <\/p>\n<!-- \/wp:paragraph -->\n\n<!-- wp:paragraph -->\n<p><a href=\"https:\/\/www.kijiji.ca\/b-autos-vehicules\/cit-of-halifax\/c27l1700321?sort=dateDesc&amp;radius=505.0&amp;address=Halifax%2C+NS&amp;ll=44.647581%2C-63.572768\">Kijiji Nouvelle-\u00e9cosse - Nouveau-Brunswick<\/a><\/p>\n<!-- \/wp:paragraph -->\n\n<!-- wp:paragraph -->\n<p><a href=\"https:\/\/www.kijiji.ca\/b-autos-vehicules\/cit-of-halifax\/c27l1700321?sort=dateDesc&amp;radius=1000.0&amp;address=Halifax%2C+NS&amp;ll=44.647581%2C-63.572768\">Kijiji Nouvelle-\u00e9cosse - Qu\u00e9bec<\/a><\/p>\n<!-- \/wp:paragraph -->\n\n<!-- wp:paragraph -->\n<p><a href=\"https:\/\/www.autohebdo.net\/autos\/ns\/halifax\/?rcp=15&amp;rcs=0&amp;srt=35&amp;prx=500&amp;prv=Nouvelle-%C3%89cosse&amp;loc=B3H0A6&amp;hprc=True&amp;wcp=True&amp;sts=Neuf-Occasion&amp;inMarket=advancedSearch\">Autotrader Nouvelle-\u00e9cosse - Nouveau-Brunswick<\/a><\/p>\n<!-- \/wp:paragraph -->\n\n<!-- wp:paragraph -->\n<p><a href=\"https:\/\/www.autohebdo.net\/autos\/ns\/halifax\/?rcp=15&amp;rcs=0&amp;srt=35&amp;prx=1000&amp;prv=Nouvelle-%C3%89cosse&amp;loc=B3H0A6&amp;hprc=True&amp;wcp=True&amp;sts=Neuf-Occasion&amp;inMarket=advancedSearch\">Autotrader Nouvelle-\u00e9cosse - Qu\u00e9bec<\/a><\/p>\n<!-- \/wp:paragraph -->\n\n<!-- wp:paragraph -->\n<p><\/p>\n<!-- \/wp:paragraph -->\n\n<!-- wp:paragraph {\"align\":\"center\"} -->\n<p class=\"has-text-align-center\"><strong>Vous pouvez consulter les listes de concessionnaires locaux<\/strong><\/p>\n<!-- \/wp:paragraph -->\n\n<!-- wp:paragraph -->\n<p><a href=\"https:\/\/www.oregans.com\/inventory\/\" data-type=\"link\" data-id=\"https:\/\/www.oregans.com\/inventory\/\">O'regan's - Concessionnaire multimarques en Nouvelle-\u00c9cosse<\/a><\/p>\n<!-- \/wp:paragraph -->\n\n<!-- wp:paragraph -->\n<p><a href=\"https:\/\/steeleauto.com\/inventory\/search?type=&amp;body=&amp;make=&amp;model=\">Steele Auto Group - Concessionnaire multimarques en Nouvelle-\u00c9cosse<\/a><\/p>\n<!-- \/wp:paragraph -->\n\n<!-- wp:paragraph -->\n<p><a href=\"https:\/\/www.bruceautogroup.com\/vehicles\/used\/\">Bruce Auto Group - Concessionnaire multimarque en Nouvelle-\u00e9cosse \/!\\ Attention VPN Requis pour acc\u00e8s \/!\\<\/a><\/p>\n<!-- \/wp:paragraph -->\n\n<!-- wp:paragraph {\"align\":\"center\"} -->\n<p class=\"has-text-align-center\"><strong>Vente \u00e0 marchands<\/strong><\/p>\n<!-- \/wp:paragraph -->\n\n<!-- wp:paragraph -->\n<p><a href=\"https:\/\/www.oreganswholesaledirecthalifax.com\/inventory\/\" data-type=\"link\" data-id=\"https:\/\/www.oreganswholesaledirecthalifax.com\/inventory\/\">O'Reagan's - Vente \u00e0 marchands - Halifax<\/a><\/p>\n<!-- \/wp:paragraph -->\n\n<!-- wp:paragraph -->\n<p><a href=\"https:\/\/www.oreganswholesaledirectdartmouth.com\/\">O'Reagan's - Vente \u00e0 marchands - Dartmouth<\/a><\/p>\n<!-- \/wp:paragraph -->\n\n<!-- wp:paragraph -->\n<p><a href=\"https:\/\/www.oreganswholesaledirectsouthshore.com\/\">O'Reagan's - Vente \u00e0 marchands - South Shore <\/a><\/p>\n<!-- \/wp:paragraph -->\n\n<!-- wp:paragraph -->\n<p>Si vous ne trouvez pas le v\u00e9hicule souhait\u00e9, n'h\u00e9sitez pas \u00e0 utiliser la page contact afin de me soumettre vos crit\u00e8res de recherches. <\/p>\n<!-- \/wp:paragraph -->\n\n<!-- wp:paragraph -->\n<p><\/p>\n<!-- \/wp:paragraph -->","_fr_post_name":"liste-des-vo-vn","_fr_post_excerpt":"","_fr_post_title":"Liste des VO \/ VN","_en_post_content":"","_en_post_name":"","_en_post_excerpt":"","_en_post_title":"","edit_language":"fr","footnotes":""},"class_list":["post-57","page","type-page","status-publish","hentry"],"_links":{"self":[{"href":"https:\/\/www.imperial-automobiles.ca\/index.php\/wp-json\/wp\/v2\/pages\/57","targetHints":{"allow":["GET"]}}],"collection":[{"href":"https:\/\/www.imperial-automobiles.ca\/index.php\/wp-json\/wp\/v2\/pages"}],"about":[{"href":"https:\/\/www.imperial-automobiles.ca\/index.php\/wp-json\/wp\/v2\/types\/page"}],"author":[{"embeddable":true,"href":"https:\/\/www.imperial-automobiles.ca\/index.php\/wp-json\/wp\/v2\/users\/1"}],"replies":[{"embeddable":true,"href":"https:\/\/www.imperial-automobiles.ca\/index.php\/wp-json\/wp\/v2\/comments?post=57"}],"version-history":[{"count":8,"href":"https:\/\/www.imperial-automobiles.ca\/index.php\/wp-json\/wp\/v2\/pages\/57\/revisions"}],"predecessor-version":[{"id":409,"href":"https:\/\/www.imperial-automobiles.ca\/index.php\/wp-json\/wp\/v2\/pages\/57\/revisions\/409"}],"wp:attachment":[{"href":"https:\/\/www.imperial-automobiles.ca\/index.php\/wp-json\/wp\/v2\/media?parent=57"}],"curies":[{"name":"wp","href":"https:\/\/api.w.org\/{rel}","templated":true}]}}