{"id":59,"date":"2023-12-24T09:27:41","date_gmt":"2023-12-24T08:27:41","guid":{"rendered":"https:\/\/www.imperial-automobiles.ca\/?page_id=59"},"modified":"2025-01-04T14:18:12","modified_gmt":"2025-01-04T13:18:12","slug":"expertise","status":"publish","type":"page","link":"https:\/\/www.imperial-automobiles.ca\/index.php\/expertise\/","title":{"rendered":"Expertise et inspection avant achat"},"content":{"rendered":"\n<p>Il est recommand\u00e9 de proc\u00e9der une expertise d&rsquo;un v\u00e9hicule avant toute transaction. <\/p>\n\n\n\n<p>C&rsquo;est pourquoi une gamme de contr\u00f4le peut-\u00eatre effectu\u00e9 au besoin. Les points principaux sont : <\/p>\n\n\n\n<p>Pneumatiques , freinage, liaisons au sol, peinture &#8211; carrosserie, \u00e9clairage, l&rsquo;ensemble des accessoires. Un diagnostic des syst\u00e8mes embarqu\u00e9s est \u00e9galement r\u00e9alis\u00e9, et le rapport de diagnostic* avec les photos du v\u00e9hicule est adjoint \u00e0 l&rsquo;expertise.<\/p>\n\n\n\n<p>Un essai routier est r\u00e9alis\u00e9 et une synth\u00e8se du v\u00e9hicule avec un dossier photo avec enfin le journal des d\u00e9fauts. Le Carfax est en option.<\/p>\n\n\n\n<div class=\"wp-block-media-text is-stacked-on-mobile\"><figure class=\"wp-block-media-text__media\"><img loading=\"lazy\" decoding=\"async\" width=\"467\" height=\"467\" src=\"https:\/\/www.imperial-automobiles.ca\/wp-content\/uploads\/2023\/12\/detailing-epaisseur-de-peinture-voiture-1-edited.jpg\" alt=\"\" class=\"wp-image-111 size-full\" srcset=\"https:\/\/www.imperial-automobiles.ca\/wp-content\/uploads\/2023\/12\/detailing-epaisseur-de-peinture-voiture-1-edited.jpg 467w, https:\/\/www.imperial-automobiles.ca\/wp-content\/uploads\/2023\/12\/detailing-epaisseur-de-peinture-voiture-1-edited-300x300.jpg 300w, https:\/\/www.imperial-automobiles.ca\/wp-content\/uploads\/2023\/12\/detailing-epaisseur-de-peinture-voiture-1-edited-150x150.jpg 150w\" sizes=\"auto, (max-width: 467px) 100vw, 467px\" \/><\/figure><div class=\"wp-block-media-text__content\">\n<p class=\"has-text-align-left\">Le testeur d&rsquo;\u00e9paisseur de peinture permet de contr\u00f4ler la profondeur. Cet outil permet le rep\u00e9rage les parties du v\u00e9hicules qui ont \u00e9t\u00e9s remises en \u00e9tat.<\/p>\n<\/div><\/div>\n\n\n\n<p>Pour des questions de clart\u00e9 seuls les points portant des anomalies seront mentionn\u00e9s sur le rapport d&rsquo;expertise.<\/p>\n\n\n\n<p>*Edit\u00e9 par un outil de diagnostic Autel MS908S PRO 2<\/p>\n\n\n\n<p class=\"has-text-align-center\"><strong>L&rsquo;\u00e9tat des v\u00e9hicules Canadiens <\/strong><\/p>\n\n\n\n<p>Il est fr\u00e9quent que l&rsquo;on me questionne sur l&rsquo;\u00e9tat des v\u00e9hicules compar\u00e9 aux v\u00e9hicules \u00c9tats-unisiens ou Europ\u00e9ens. <\/p>\n\n\n\n<p>L&rsquo;entreprise \u00e9tant bas\u00e9e en Nouvelle-\u00c9cosse et non au Qu\u00e9bec les conditions m\u00e9t\u00e9orologiques sont diff\u00e9rentes. En moyenne vous avez 60 jours de neige au Qu\u00e9bec tandis qu&rsquo;en Nouvelle-\u00c9cosse vous avez 25 jours de neige. L&rsquo;hiver ou est bas\u00e9 la soci\u00e9t\u00e9 et les v\u00e9hicules subissent des conditions beaucoup moins difficiles. <\/p>\n\n\n\n<p>Les Canadiens en r\u00e8gle g\u00e9n\u00e9rale ont plusieurs v\u00e9hicules, les v\u00e9hicules plaisirs sont hivern\u00e9s pour \u00e9viter les risques d&rsquo;accidents et aussi de corrosion li\u00e9 au salage des routes du \u00e0 l\u2019enneigement.<\/p>\n\n\n\n<p>Il est important de noter que les stations de lavages sont \u00e9quip\u00e9s pour le lavage et rin\u00e7age des chassis.<\/p>\n\n\n\n<p>Les autres v\u00e9hicules utilis\u00e9s toute l&rsquo;ann\u00e9e peuvent \u00eatres trait\u00e9s ou non. Il est important de savoir que l&rsquo;application de la protection anti-corrosion est une op\u00e9ration courante propos\u00e9s par les garagistes locaux avec la pose des pneus hiver \u00e0 chaque saison hivernale.<\/p>\n\n\n\n<div class=\"wp-block-media-text is-stacked-on-mobile\"><figure class=\"wp-block-media-text__media\"><img loading=\"lazy\" decoding=\"async\" width=\"879\" height=\"1000\" src=\"https:\/\/www.imperial-automobiles.ca\/wp-content\/uploads\/2024\/05\/ruststop.jpg\" alt=\"\" class=\"wp-image-329 size-full\" srcset=\"https:\/\/www.imperial-automobiles.ca\/wp-content\/uploads\/2024\/05\/ruststop.jpg 879w, https:\/\/www.imperial-automobiles.ca\/wp-content\/uploads\/2024\/05\/ruststop-264x300.jpg 264w, https:\/\/www.imperial-automobiles.ca\/wp-content\/uploads\/2024\/05\/ruststop-768x874.jpg 768w\" sizes=\"auto, (max-width: 879px) 100vw, 879px\" \/><\/figure><div class=\"wp-block-media-text__content\">\n<p>N\u00e9anmoins il est fr\u00e9quent que les v\u00e9hicules soient trait\u00e9s pour la corrosion avec l&rsquo;application d&rsquo;un produit type \u00ab\u00a0rust stop\u00a0\u00bb. Ce produit est pulv\u00e9ris\u00e9 sur les soubassements du v\u00e9hicule avec l&rsquo;application de corps creux est aussi appliqu\u00e9. <\/p>\n<\/div><\/div>\n\n\n\n<figure class=\"wp-block-embed is-type-video is-provider-youtube wp-block-embed-youtube wp-embed-aspect-16-9 wp-has-aspect-ratio\"><div class=\"wp-block-embed__wrapper\">\n<iframe loading=\"lazy\" title=\"How To Stop Car Underbody Rust \u2013 Step By Step Guide Using Bilt Hamber Hydrate 80 And Lanoguard\" width=\"500\" height=\"281\" src=\"https:\/\/www.youtube.com\/embed\/w7JiwKH268c?feature=oembed\" frameborder=\"0\" allow=\"accelerometer; autoplay; clipboard-write; encrypted-media; gyroscope; picture-in-picture; web-share\" referrerpolicy=\"strict-origin-when-cross-origin\" allowfullscreen><\/iframe>\n<\/div><\/figure>\n\n\n\n<p class=\"has-text-align-center\">Ce v\u00e9hicule a \u00e9t\u00e9 trait\u00e9 \u00e0 l&rsquo;antigravitation <\/p>\n\n\n\n<figure class=\"wp-block-image size-full\"><img loading=\"lazy\" decoding=\"async\" width=\"830\" height=\"477\" src=\"https:\/\/www.imperial-automobiles.ca\/wp-content\/uploads\/2024\/05\/6-1.jpg\" alt=\"\" class=\"wp-image-331\" srcset=\"https:\/\/www.imperial-automobiles.ca\/wp-content\/uploads\/2024\/05\/6-1.jpg 830w, https:\/\/www.imperial-automobiles.ca\/wp-content\/uploads\/2024\/05\/6-1-300x172.jpg 300w, https:\/\/www.imperial-automobiles.ca\/wp-content\/uploads\/2024\/05\/6-1-768x441.jpg 768w\" sizes=\"auto, (max-width: 830px) 100vw, 830px\" \/><\/figure>\n\n\n\n<p>Est-ce que les v\u00e9hicules provenant du sud des \u00c9tats-unis sont en meilleurs \u00e9tat que les autres r\u00e9gions d&rsquo;Am\u00e9rique du nord? <\/p>\n\n\n\n<p>Oui et non, L&rsquo;Arizona, le Nouveau-Mexique, le Texas sont des r\u00e9gions tr\u00e8s sableuses et le sable \u00e9tant tr\u00e8s pr\u00e9sent sur les routes bitum\u00e9s \u00e0 cause des vents. Lors du roulage les grains sable est projet\u00e9 \u00e0 grande vitesse par les pneus et impacte les soubassements ce qui cr\u00e9e un effet de micro-sablage.<\/p>\n\n\n\n<p>Ce micro-sablage enl\u00e8ve petit \u00e0 petit le traitement de surface anti-corrosion d&rsquo;origine. Tr\u00e8s souvent ces v\u00e9hicules se retrouvent nus de leurs protection. <\/p>\n\n\n\n<p>Lorsque ces v\u00e9hicules se retrouvent dans des r\u00e9gions notamment humides ils finissent par rouiller tr\u00e8s rapidement puisqu&rsquo;ils sont d\u00e9munis de cette protection.<\/p>\n\n\n\n<p class=\"has-text-align-center\"><strong>Conclusion<\/strong><\/p>\n\n\n\n<p>Quoi qu&rsquo;il en soit il fait important de proc\u00e9der \u00e0 une expertise avant achat, parfois de la corrosion de surface est anodine simple \u00e0 traiter et n&#8217;emp\u00eache pas d&rsquo;avoir un soubassement en bon \u00e9tat. <\/p>\n\n\n\n<p><\/p>\n","protected":false},"excerpt":{"rendered":"<p>Il est recommand\u00e9 de proc\u00e9der une expertise d&rsquo;un v\u00e9hicule avant toute transaction. C&rsquo;est pourquoi une gamme de contr\u00f4le peut-\u00eatre effectu\u00e9 au besoin. Les points principaux sont : Pneumatiques , freinage, liaisons au sol, peinture &#8211; carrosserie, \u00e9clairage, l&rsquo;ensemble des accessoires. Un diagnostic des syst\u00e8mes embarqu\u00e9s est \u00e9galement r\u00e9alis\u00e9, et le rapport de diagnostic* avec les [&hellip;]<\/p>\n","protected":false},"author":1,"featured_media":0,"parent":0,"menu_order":0,"comment_status":"closed","ping_status":"closed","template":"","meta":{"_fr_post_content":"<!-- wp:paragraph -->\n<p>Il est recommand\u00e9 de proc\u00e9der une expertise d'un v\u00e9hicule avant toute transaction. <\/p>\n<!-- \/wp:paragraph -->\n\n<!-- wp:paragraph -->\n<p>C'est pourquoi une gamme de contr\u00f4le peut-\u00eatre effectu\u00e9 au besoin. Les points principaux sont : <\/p>\n<!-- \/wp:paragraph -->\n\n<!-- wp:paragraph -->\n<p>Pneumatiques , freinage, liaisons au sol, peinture - carrosserie, \u00e9clairage, l'ensemble des accessoires. Un diagnostic des syst\u00e8mes embarqu\u00e9s est \u00e9galement r\u00e9alis\u00e9, et le rapport de diagnostic* avec les photos du v\u00e9hicule est adjoint \u00e0 l'expertise.<\/p>\n<!-- \/wp:paragraph -->\n\n<!-- wp:paragraph -->\n<p>Un essai routier est r\u00e9alis\u00e9 et une synth\u00e8se du v\u00e9hicule avec un dossier photo avec enfin le journal des d\u00e9fauts. Le Carfax est en option.<\/p>\n<!-- \/wp:paragraph -->\n\n<!-- wp:media-text {\"mediaId\":111,\"mediaType\":\"image\"} -->\n<div class=\"wp-block-media-text is-stacked-on-mobile\"><figure class=\"wp-block-media-text__media\"><img src=\"https:\/\/www.imperial-automobiles.ca\/wp-content\/uploads\/2023\/12\/detailing-epaisseur-de-peinture-voiture-1-edited.jpg\" alt=\"\" class=\"wp-image-111 size-full\"\/><\/figure><div class=\"wp-block-media-text__content\"><!-- wp:paragraph {\"align\":\"left\",\"placeholder\":\"Contenu\u2026\"} -->\n<p class=\"has-text-align-left\">Le testeur d'\u00e9paisseur de peinture permet de contr\u00f4ler la profondeur. Cet outil permet le rep\u00e9rage les parties du v\u00e9hicules qui ont \u00e9t\u00e9s remises en \u00e9tat.<\/p>\n<!-- \/wp:paragraph --><\/div><\/div>\n<!-- \/wp:media-text -->\n\n<!-- wp:paragraph -->\n<p>Pour des questions de clart\u00e9 seuls les points portant des anomalies seront mentionn\u00e9s sur le rapport d'expertise.<\/p>\n<!-- \/wp:paragraph -->\n\n<!-- wp:paragraph -->\n<p>*Edit\u00e9 par un outil de diagnostic Autel MS908S PRO 2<\/p>\n<!-- \/wp:paragraph -->\n\n<!-- wp:paragraph {\"align\":\"center\"} -->\n<p class=\"has-text-align-center\"><strong>L'\u00e9tat des v\u00e9hicules Canadiens <\/strong><\/p>\n<!-- \/wp:paragraph -->\n\n<!-- wp:paragraph -->\n<p>Il est fr\u00e9quent que l'on me questionne sur l'\u00e9tat des v\u00e9hicules compar\u00e9 aux v\u00e9hicules \u00c9tats-unisiens ou Europ\u00e9ens. <\/p>\n<!-- \/wp:paragraph -->\n\n<!-- wp:paragraph -->\n<p>L'entreprise \u00e9tant bas\u00e9e en Nouvelle-\u00c9cosse et non au Qu\u00e9bec les conditions m\u00e9t\u00e9orologiques sont diff\u00e9rentes. En moyenne vous avez 60 jours de neige au Qu\u00e9bec tandis qu'en Nouvelle-\u00c9cosse vous avez 25 jours de neige. L'hiver ou est bas\u00e9 la soci\u00e9t\u00e9 et les v\u00e9hicules subissent des conditions beaucoup moins difficiles. <\/p>\n<!-- \/wp:paragraph -->\n\n<!-- wp:paragraph -->\n<p>Les Canadiens en r\u00e8gle g\u00e9n\u00e9rale ont plusieurs v\u00e9hicules, les v\u00e9hicules plaisirs sont hivern\u00e9s pour \u00e9viter les risques d'accidents et aussi de corrosion li\u00e9 au salage des routes du \u00e0 l\u2019enneigement.<\/p>\n<!-- \/wp:paragraph -->\n\n<!-- wp:paragraph -->\n<p>Il est important de noter que les stations de lavages sont \u00e9quip\u00e9s pour le lavage et rin\u00e7age des chassis.<\/p>\n<!-- \/wp:paragraph -->\n\n<!-- wp:paragraph -->\n<p>Les autres v\u00e9hicules utilis\u00e9s toute l'ann\u00e9e peuvent \u00eatres trait\u00e9s ou non. Il est important de savoir que l'application de la protection anti-corrosion est une op\u00e9ration courante propos\u00e9s par les garagistes locaux avec la pose des pneus hiver \u00e0 chaque saison hivernale.<\/p>\n<!-- \/wp:paragraph -->\n\n<!-- wp:media-text {\"mediaId\":329,\"mediaLink\":\"https:\/\/www.imperial-automobiles.ca\/index.php\/expertise\/ruststop\/\",\"mediaType\":\"image\"} -->\n<div class=\"wp-block-media-text is-stacked-on-mobile\"><figure class=\"wp-block-media-text__media\"><img src=\"https:\/\/www.imperial-automobiles.ca\/wp-content\/uploads\/2024\/05\/ruststop.jpg\" alt=\"\" class=\"wp-image-329 size-full\"\/><\/figure><div class=\"wp-block-media-text__content\"><!-- wp:paragraph {\"placeholder\":\"Contenu\u2026\"} -->\n<p>N\u00e9anmoins il est fr\u00e9quent que les v\u00e9hicules soient trait\u00e9s pour la corrosion avec l'application d'un produit type \"rust stop\". Ce produit est pulv\u00e9ris\u00e9 sur les soubassements du v\u00e9hicule avec l'application de corps creux est aussi appliqu\u00e9. <\/p>\n<!-- \/wp:paragraph --><\/div><\/div>\n<!-- \/wp:media-text -->\n\n<!-- wp:embed {\"url\":\"https:\/\/www.youtube.com\/watch?v=w7JiwKH268c\",\"type\":\"video\",\"providerNameSlug\":\"youtube\",\"responsive\":true,\"className\":\"wp-embed-aspect-16-9 wp-has-aspect-ratio\"} -->\n<figure class=\"wp-block-embed is-type-video is-provider-youtube wp-block-embed-youtube wp-embed-aspect-16-9 wp-has-aspect-ratio\"><div class=\"wp-block-embed__wrapper\">\nhttps:\/\/www.youtube.com\/watch?v=w7JiwKH268c\n<\/div><\/figure>\n<!-- \/wp:embed -->\n\n<!-- wp:paragraph {\"align\":\"center\"} -->\n<p class=\"has-text-align-center\">Ce v\u00e9hicule a \u00e9t\u00e9 trait\u00e9 \u00e0 l'antigravitation <\/p>\n<!-- \/wp:paragraph -->\n\n<!-- wp:image {\"id\":331,\"sizeSlug\":\"full\",\"linkDestination\":\"none\"} -->\n<figure class=\"wp-block-image size-full\"><img src=\"https:\/\/www.imperial-automobiles.ca\/wp-content\/uploads\/2024\/05\/6-1.jpg\" alt=\"\" class=\"wp-image-331\"\/><\/figure>\n<!-- \/wp:image -->\n\n<!-- wp:paragraph -->\n<p>Est-ce que les v\u00e9hicules provenant du sud des \u00c9tats-unis sont en meilleurs \u00e9tat que les autres r\u00e9gions d'Am\u00e9rique du nord? <\/p>\n<!-- \/wp:paragraph -->\n\n<!-- wp:paragraph -->\n<p>Oui et non, L'Arizona, le Nouveau-Mexique, le Texas sont des r\u00e9gions tr\u00e8s sableuses et le sable \u00e9tant tr\u00e8s pr\u00e9sent sur les routes bitum\u00e9s \u00e0 cause des vents. Lors du roulage les grains sable est projet\u00e9 \u00e0 grande vitesse par les pneus et impacte les soubassements ce qui cr\u00e9e un effet de micro-sablage.<\/p>\n<!-- \/wp:paragraph -->\n\n<!-- wp:paragraph -->\n<p>Ce micro-sablage enl\u00e8ve petit \u00e0 petit le traitement de surface anti-corrosion d'origine. Tr\u00e8s souvent ces v\u00e9hicules se retrouvent nus de leurs protection. <\/p>\n<!-- \/wp:paragraph -->\n\n<!-- wp:paragraph -->\n<p>Lorsque ces v\u00e9hicules se retrouvent dans des r\u00e9gions notamment humides ils finissent par rouiller tr\u00e8s rapidement puisqu'ils sont d\u00e9munis de cette protection.<\/p>\n<!-- \/wp:paragraph -->\n\n<!-- wp:paragraph {\"align\":\"center\"} -->\n<p class=\"has-text-align-center\"><strong>Conclusion<\/strong><\/p>\n<!-- \/wp:paragraph -->\n\n<!-- wp:paragraph -->\n<p>Quoi qu'il en soit il fait important de proc\u00e9der \u00e0 une expertise avant achat, parfois de la corrosion de surface est anodine simple \u00e0 traiter et n'emp\u00eache pas d'avoir un soubassement en bon \u00e9tat. <\/p>\n<!-- \/wp:paragraph -->\n\n<!-- wp:paragraph -->\n<p><\/p>\n<!-- \/wp:paragraph -->","_fr_post_name":"expertise","_fr_post_excerpt":"","_fr_post_title":"Expertise et inspection avant achat","_en_post_content":"<!-- wp:paragraph {\"align\":\"center\"} -->\n<p class=\"has-text-align-center\"><strong>Why is it important to perform a PPI<\/strong> <strong>before buying a car<\/strong>?<\/p>\n<!-- \/wp:paragraph -->\n\n<!-- wp:paragraph {\"align\":\"left\"} -->\n<p class=\"has-text-align-left\">1 out of 6 cars has a tampered mileage. This is just one example of a scam. The used car market is a jungle. Too often we hear stories of buyers who soon after their purchase find themselves with large bills. Buying a car is an important life project and challenge should not be a source of stress or issues . Everyone has their own business. Mine is to make sure you buy the right vehicle with my mobile pre-purchase inspection service.<\/p>\n<!-- \/wp:paragraph -->\n\n<!-- wp:paragraph {\"align\":\"left\"} -->\n<p class=\"has-text-align-left\"><\/p>\n<!-- \/wp:paragraph -->\n\n<!-- wp:paragraph {\"align\":\"left\"} -->\n<p class=\"has-text-align-left\">Service available on all over Nova Scotia and beyond if necessary.<\/p>\n<!-- \/wp:paragraph -->\n\n<!-- wp:paragraph {\"align\":\"left\"} -->\n<p class=\"has-text-align-left\">As an inspectors i am reactive and once the reservation is made, i commit to carry out the inspection within 48 hours, from Monday to Sunday.<br>However, it may happen that the seller is not available within 48 hours, or that extreme weather conditions occur, which would extend the delay. These situations are out of our control and i'll disclaim any responsibility.<\/p>\n<!-- \/wp:paragraph -->\n\n<!-- wp:paragraph {\"align\":\"left\"} -->\n<p class=\"has-text-align-left\">All PPI comes with a minimum of 50 pictures of the car and up to 100 when it's a convertible. A Pre-scan and a Post-scan made by Autel MS908 PRO II device. Carfax, tires wear, test drive, with a full report of global shape of the inspected car. The thickness of the paint is also checked to make sure no hidden body work has been done under an insurance claim that wouldn't be on the Carfax. <\/p>\n<!-- \/wp:paragraph -->\n\n<!-- wp:paragraph {\"align\":\"left\"} -->\n<p class=\"has-text-align-left\">Free your self out of the hassle of booking a plane ticket ! E-mail me to book your PPI <\/p>\n<!-- \/wp:paragraph -->\n\n<!-- wp:paragraph {\"align\":\"center\"} -->\n<p class=\"has-text-align-center\"><strong>Prices for a pre purchase inspection <\/strong><\/p>\n<!-- \/wp:paragraph -->\n\n<!-- wp:paragraph -->\n<p>The prices of a PPI is 150$ CAD Tax in within a 100-km radius from Halifax.<\/p>\n<!-- \/wp:paragraph -->\n\n<!-- wp:paragraph -->\n<p>PPI 100 \u2013 300 kms from Halifax 190\u20ac Tax in \u2013 beyond 1$ CAD per kilometer up to 500 kms. + 55$ CAD fee for going to Prince Edward Island. <\/p>\n<!-- \/wp:paragraph -->\n\n<!-- wp:paragraph -->\n<p>We can also bundle PPIs if a second car is close by within a 25 kms radius from the 1st PPI.<\/p>\n<!-- \/wp:paragraph -->\n\n<!-- wp:paragraph -->\n<p><\/p>\n<!-- \/wp:paragraph -->","_en_post_name":"","_en_post_excerpt":"","_en_post_title":"Pre Purchase Inspection in Halifax , Nova Scotia","edit_language":"fr","footnotes":""},"class_list":["post-59","page","type-page","status-publish","hentry"],"_links":{"self":[{"href":"https:\/\/www.imperial-automobiles.ca\/index.php\/wp-json\/wp\/v2\/pages\/59","targetHints":{"allow":["GET"]}}],"collection":[{"href":"https:\/\/www.imperial-automobiles.ca\/index.php\/wp-json\/wp\/v2\/pages"}],"about":[{"href":"https:\/\/www.imperial-automobiles.ca\/index.php\/wp-json\/wp\/v2\/types\/page"}],"author":[{"embeddable":true,"href":"https:\/\/www.imperial-automobiles.ca\/index.php\/wp-json\/wp\/v2\/users\/1"}],"replies":[{"embeddable":true,"href":"https:\/\/www.imperial-automobiles.ca\/index.php\/wp-json\/wp\/v2\/comments?post=59"}],"version-history":[{"count":18,"href":"https:\/\/www.imperial-automobiles.ca\/index.php\/wp-json\/wp\/v2\/pages\/59\/revisions"}],"predecessor-version":[{"id":1053,"href":"https:\/\/www.imperial-automobiles.ca\/index.php\/wp-json\/wp\/v2\/pages\/59\/revisions\/1053"}],"wp:attachment":[{"href":"https:\/\/www.imperial-automobiles.ca\/index.php\/wp-json\/wp\/v2\/media?parent=59"}],"curies":[{"name":"wp","href":"https:\/\/api.w.org\/{rel}","templated":true}]}}