{"id":61,"date":"2023-12-24T09:28:04","date_gmt":"2023-12-24T08:28:04","guid":{"rendered":"https:\/\/www.imperial-automobiles.ca\/?page_id=61"},"modified":"2024-04-20T13:03:04","modified_gmt":"2024-04-20T11:03:04","slug":"transport-maritime","status":"publish","type":"page","link":"https:\/\/www.imperial-automobiles.ca\/index.php\/transport-maritime\/","title":{"rendered":"Transport maritime"},"content":{"rendered":"\n<p class=\"has-text-align-center\"><strong>La ligne maritime Halifax &#8211; Le Havre <\/strong><\/p>\n\n\n\n<p>C&rsquo;est une des lignes les plus courtes pour le fret maritime vers la France. Le d\u00e9part des rouliers se font uniquement \u00e0 partir d&rsquo;Halifax au Canada. Ils peuvent rejoindre la France avec Le Havre et Fos, la Belgique avec le port d&rsquo;Anvers, Hambourg en Allemagne, Barcelone en Espagne. Le temps de transit est entre 15 et 20 jours. <\/p>\n\n\n\n<figure class=\"wp-block-image aligncenter size-large\"><img loading=\"lazy\" decoding=\"async\" width=\"1024\" height=\"344\" src=\"https:\/\/www.imperial-automobiles.ca\/wp-content\/uploads\/2024\/03\/globe-1024x344.jpg\" alt=\"\" class=\"wp-image-212\" srcset=\"https:\/\/www.imperial-automobiles.ca\/wp-content\/uploads\/2024\/03\/globe-1024x344.jpg 1024w, https:\/\/www.imperial-automobiles.ca\/wp-content\/uploads\/2024\/03\/globe-300x101.jpg 300w, https:\/\/www.imperial-automobiles.ca\/wp-content\/uploads\/2024\/03\/globe-768x258.jpg 768w, https:\/\/www.imperial-automobiles.ca\/wp-content\/uploads\/2024\/03\/globe-1536x515.jpg 1536w, https:\/\/www.imperial-automobiles.ca\/wp-content\/uploads\/2024\/03\/globe.jpg 1919w\" sizes=\"auto, (max-width: 1024px) 100vw, 1024px\" \/><\/figure>\n\n\n\n<p class=\"has-text-align-center\"><strong>Le Roulier ou roll on roll off <\/strong><\/p>\n\n\n\n<p>Le transport roulier permet de s&rsquo;affranchir de conteneurs et ses probl\u00e9matiques logistiques.<\/p>\n\n\n\n<figure class=\"wp-block-image size-full\"><img loading=\"lazy\" decoding=\"async\" width=\"800\" height=\"444\" src=\"https:\/\/www.imperial-automobiles.ca\/wp-content\/uploads\/2023\/12\/GPM-Nantes-roulier.jpg\" alt=\"\" class=\"wp-image-64\" srcset=\"https:\/\/www.imperial-automobiles.ca\/wp-content\/uploads\/2023\/12\/GPM-Nantes-roulier.jpg 800w, https:\/\/www.imperial-automobiles.ca\/wp-content\/uploads\/2023\/12\/GPM-Nantes-roulier-300x167.jpg 300w, https:\/\/www.imperial-automobiles.ca\/wp-content\/uploads\/2023\/12\/GPM-Nantes-roulier-768x426.jpg 768w\" sizes=\"auto, (max-width: 800px) 100vw, 800px\" \/><figcaption class=\"wp-element-caption\">Port roulier de Saint-Nazaire en France.<\/figcaption><\/figure>\n\n\n\n<p>A l&rsquo;int\u00e9rieur de roulier le v\u00e9hicule est simplement gar\u00e9 parmi d&rsquo;autres v\u00e9hicules il est arrim\u00e9 par des sangles afin de s\u00e9curiser le chargement.<\/p>\n\n\n\n<figure class=\"wp-block-image size-large\"><img loading=\"lazy\" decoding=\"async\" width=\"1024\" height=\"768\" src=\"https:\/\/www.imperial-automobiles.ca\/wp-content\/uploads\/2023\/12\/rollinrolloff-1024x768.jpg\" alt=\"\" class=\"wp-image-65\" srcset=\"https:\/\/www.imperial-automobiles.ca\/wp-content\/uploads\/2023\/12\/rollinrolloff-1024x768.jpg 1024w, https:\/\/www.imperial-automobiles.ca\/wp-content\/uploads\/2023\/12\/rollinrolloff-300x225.jpg 300w, https:\/\/www.imperial-automobiles.ca\/wp-content\/uploads\/2023\/12\/rollinrolloff-768x576.jpg 768w, https:\/\/www.imperial-automobiles.ca\/wp-content\/uploads\/2023\/12\/rollinrolloff-1536x1152.jpg 1536w, https:\/\/www.imperial-automobiles.ca\/wp-content\/uploads\/2023\/12\/rollinrolloff-2048x1536.jpg 2048w\" sizes=\"auto, (max-width: 1024px) 100vw, 1024px\" \/><figcaption class=\"wp-element-caption\">Roulier le Vessel.<\/figcaption><\/figure>\n\n\n\n<p class=\"has-text-align-left\">L&rsquo;autoport d&rsquo;Halifax est l&rsquo;unique port roll on roll off dans la partie est du Canada. Chaque ann\u00e9e il permet d&rsquo;accueillir des milliers de v\u00e9hicules neufs en provenance du monde entier.<\/p>\n\n\n\n<figure class=\"wp-block-image size-large\"><a href=\"https:\/\/www.portofhalifax.ca\/facilities-fr\/installation-non-aph\/autoport\/?lang=fr\" target=\"_blank\" rel=\"noreferrer noopener\"><img loading=\"lazy\" decoding=\"async\" width=\"1024\" height=\"320\" src=\"https:\/\/www.imperial-automobiles.ca\/wp-content\/uploads\/2023\/12\/Non-HPA-Facilities-Autoport-1030x322-1-1024x320.jpg\" alt=\"\" class=\"wp-image-68\" srcset=\"https:\/\/www.imperial-automobiles.ca\/wp-content\/uploads\/2023\/12\/Non-HPA-Facilities-Autoport-1030x322-1-1024x320.jpg 1024w, https:\/\/www.imperial-automobiles.ca\/wp-content\/uploads\/2023\/12\/Non-HPA-Facilities-Autoport-1030x322-1-300x94.jpg 300w, https:\/\/www.imperial-automobiles.ca\/wp-content\/uploads\/2023\/12\/Non-HPA-Facilities-Autoport-1030x322-1-768x240.jpg 768w, https:\/\/www.imperial-automobiles.ca\/wp-content\/uploads\/2023\/12\/Non-HPA-Facilities-Autoport-1030x322-1.jpg 1030w\" sizes=\"auto, (max-width: 1024px) 100vw, 1024px\" \/><\/a><figcaption class=\"wp-element-caption\">Autoport d&rsquo;Halifax, <a href=\"https:\/\/www.portofhalifax.ca\/facilities-fr\/installation-non-aph\/autoport\/?lang=fr\">Site officiel<\/a><\/figcaption><\/figure>\n\n\n\n<p class=\"has-text-align-center\"><strong>Le conteneur <\/strong><\/p>\n\n\n\n<p>Les conteneurs sont disponibles en 3 tailles diff\u00e9rentes, selon la taille du v\u00e9hicule il est possible de mettre un ou plusieurs v\u00e9hicules.<\/p>\n\n\n\n<figure class=\"wp-block-image size-full\"><img loading=\"lazy\" decoding=\"async\" width=\"913\" height=\"538\" src=\"https:\/\/www.imperial-automobiles.ca\/wp-content\/uploads\/2024\/04\/conteneur.bmp\" alt=\"\" class=\"wp-image-269\" srcset=\"https:\/\/www.imperial-automobiles.ca\/wp-content\/uploads\/2024\/04\/conteneur.bmp 913w, https:\/\/www.imperial-automobiles.ca\/wp-content\/uploads\/2024\/04\/conteneur-300x177.jpg 300w, https:\/\/www.imperial-automobiles.ca\/wp-content\/uploads\/2024\/04\/conteneur-768x453.jpg 768w\" sizes=\"auto, (max-width: 913px) 100vw, 913px\" \/><\/figure>\n\n\n\n<p>La tarification est variable selon le cours du fret maritime en vigueur.<\/p>\n\n\n\n<figure class=\"wp-block-image aligncenter size-full\"><img loading=\"lazy\" decoding=\"async\" width=\"285\" height=\"317\" src=\"https:\/\/www.imperial-automobiles.ca\/wp-content\/uploads\/2024\/04\/conteneur1.jpg\" alt=\"\" class=\"wp-image-271\" srcset=\"https:\/\/www.imperial-automobiles.ca\/wp-content\/uploads\/2024\/04\/conteneur1.jpg 285w, https:\/\/www.imperial-automobiles.ca\/wp-content\/uploads\/2024\/04\/conteneur1-270x300.jpg 270w\" sizes=\"auto, (max-width: 285px) 100vw, 285px\" \/><\/figure>\n\n\n\n<div class=\"wp-block-cover\"><span aria-hidden=\"true\" class=\"wp-block-cover__background has-background-dim\"><\/span><img loading=\"lazy\" decoding=\"async\" width=\"1024\" height=\"644\" class=\"wp-block-cover__image-background wp-image-242\" alt=\"\" src=\"https:\/\/www.imperial-automobiles.ca\/wp-content\/uploads\/2024\/03\/Incoterms-2020-schema-asd-1-1024x644.png\" data-object-fit=\"cover\" srcset=\"https:\/\/www.imperial-automobiles.ca\/wp-content\/uploads\/2024\/03\/Incoterms-2020-schema-asd-1-1024x644.png 1024w, https:\/\/www.imperial-automobiles.ca\/wp-content\/uploads\/2024\/03\/Incoterms-2020-schema-asd-1-300x189.png 300w, https:\/\/www.imperial-automobiles.ca\/wp-content\/uploads\/2024\/03\/Incoterms-2020-schema-asd-1-768x483.png 768w, https:\/\/www.imperial-automobiles.ca\/wp-content\/uploads\/2024\/03\/Incoterms-2020-schema-asd-1.png 1440w\" sizes=\"auto, (max-width: 1024px) 100vw, 1024px\" \/><div class=\"wp-block-cover__inner-container is-layout-flow wp-block-cover-is-layout-flow\">\n<p class=\"has-text-align-center has-large-font-size\"><\/p>\n<\/div><\/div>\n\n\n\n<p>Incoterms utilis\u00e9s FOB CIF CFR<\/p>\n","protected":false},"excerpt":{"rendered":"<p>La ligne maritime Halifax &#8211; Le Havre C&rsquo;est une des lignes les plus courtes pour le fret maritime vers la France. Le d\u00e9part des rouliers se font uniquement \u00e0 partir d&rsquo;Halifax au Canada. Ils peuvent rejoindre la France avec Le Havre et Fos, la Belgique avec le port d&rsquo;Anvers, Hambourg en Allemagne, Barcelone en Espagne. [&hellip;]<\/p>\n","protected":false},"author":1,"featured_media":0,"parent":0,"menu_order":0,"comment_status":"closed","ping_status":"closed","template":"","meta":{"_fr_post_content":"<!-- wp:paragraph {\"align\":\"center\"} -->\n<p class=\"has-text-align-center\"><strong>La ligne maritime Halifax - Le Havre <\/strong><\/p>\n<!-- \/wp:paragraph -->\n\n<!-- wp:paragraph -->\n<p>C'est une des lignes les plus courtes pour le fret maritime vers la France. Le d\u00e9part des rouliers se font uniquement \u00e0 partir d'Halifax au Canada. Ils peuvent rejoindre la France avec Le Havre et Fos, la Belgique avec le port d'Anvers, Hambourg en Allemagne, Barcelone en Espagne. Le temps de transit est entre 15 et 20 jours. <\/p>\n<!-- \/wp:paragraph -->\n\n<!-- wp:image {\"id\":212,\"sizeSlug\":\"large\",\"linkDestination\":\"none\",\"align\":\"center\"} -->\n<figure class=\"wp-block-image aligncenter size-large\"><img src=\"https:\/\/www.imperial-automobiles.ca\/wp-content\/uploads\/2024\/03\/globe-1024x344.jpg\" alt=\"\" class=\"wp-image-212\"\/><\/figure>\n<!-- \/wp:image -->\n\n<!-- wp:paragraph {\"align\":\"center\"} -->\n<p class=\"has-text-align-center\"><strong>Le Roulier ou roll on roll off <\/strong><\/p>\n<!-- \/wp:paragraph -->\n\n<!-- wp:paragraph -->\n<p>Le transport roulier permet de s'affranchir de conteneurs et ses probl\u00e9matiques logistiques.<\/p>\n<!-- \/wp:paragraph -->\n\n<!-- wp:image {\"id\":64,\"sizeSlug\":\"full\",\"linkDestination\":\"none\"} -->\n<figure class=\"wp-block-image size-full\"><img src=\"https:\/\/www.imperial-automobiles.ca\/wp-content\/uploads\/2023\/12\/GPM-Nantes-roulier.jpg\" alt=\"\" class=\"wp-image-64\"\/><figcaption class=\"wp-element-caption\">Port roulier de Saint-Nazaire en France.<\/figcaption><\/figure>\n<!-- \/wp:image -->\n\n<!-- wp:paragraph -->\n<p>A l'int\u00e9rieur de roulier le v\u00e9hicule est simplement gar\u00e9 parmi d'autres v\u00e9hicules il est arrim\u00e9 par des sangles afin de s\u00e9curiser le chargement.<\/p>\n<!-- \/wp:paragraph -->\n\n<!-- wp:image {\"id\":65,\"sizeSlug\":\"large\",\"linkDestination\":\"none\"} -->\n<figure class=\"wp-block-image size-large\"><img src=\"https:\/\/www.imperial-automobiles.ca\/wp-content\/uploads\/2023\/12\/rollinrolloff-1024x768.jpg\" alt=\"\" class=\"wp-image-65\"\/><figcaption class=\"wp-element-caption\">Roulier le Vessel.<\/figcaption><\/figure>\n<!-- \/wp:image -->\n\n<!-- wp:paragraph {\"align\":\"left\"} -->\n<p class=\"has-text-align-left\">L'autoport d'Halifax est l'unique port roll on roll off dans la partie est du Canada. Chaque ann\u00e9e il permet d'accueillir des milliers de v\u00e9hicules neufs en provenance du monde entier.<\/p>\n<!-- \/wp:paragraph -->\n\n<!-- wp:image {\"id\":68,\"sizeSlug\":\"large\",\"linkDestination\":\"custom\"} -->\n<figure class=\"wp-block-image size-large\"><a href=\"https:\/\/www.portofhalifax.ca\/facilities-fr\/installation-non-aph\/autoport\/?lang=fr\" target=\"_blank\" rel=\"noreferrer noopener\"><img src=\"https:\/\/www.imperial-automobiles.ca\/wp-content\/uploads\/2023\/12\/Non-HPA-Facilities-Autoport-1030x322-1-1024x320.jpg\" alt=\"\" class=\"wp-image-68\"\/><\/a><figcaption class=\"wp-element-caption\">Autoport d'Halifax, <a href=\"https:\/\/www.portofhalifax.ca\/facilities-fr\/installation-non-aph\/autoport\/?lang=fr\">Site officiel<\/a><\/figcaption><\/figure>\n<!-- \/wp:image -->\n\n<!-- wp:paragraph {\"align\":\"center\"} -->\n<p class=\"has-text-align-center\"><strong>Le conteneur <\/strong><\/p>\n<!-- \/wp:paragraph -->\n\n<!-- wp:paragraph -->\n<p>Les conteneurs sont disponibles en 3 tailles diff\u00e9rentes, selon la taille du v\u00e9hicule il est possible de mettre un ou plusieurs v\u00e9hicules.<\/p>\n<!-- \/wp:paragraph -->\n\n<!-- wp:image {\"id\":269,\"sizeSlug\":\"full\",\"linkDestination\":\"none\"} -->\n<figure class=\"wp-block-image size-full\"><img src=\"https:\/\/www.imperial-automobiles.ca\/wp-content\/uploads\/2024\/04\/conteneur.bmp\" alt=\"\" class=\"wp-image-269\"\/><\/figure>\n<!-- \/wp:image -->\n\n<!-- wp:paragraph -->\n<p>La tarification est variable selon le cours du fret maritime en vigueur.<\/p>\n<!-- \/wp:paragraph -->\n\n<!-- wp:image {\"id\":271,\"sizeSlug\":\"full\",\"linkDestination\":\"none\",\"align\":\"center\"} -->\n<figure class=\"wp-block-image aligncenter size-full\"><img src=\"https:\/\/www.imperial-automobiles.ca\/wp-content\/uploads\/2024\/04\/conteneur1.jpg\" alt=\"\" class=\"wp-image-271\"\/><\/figure>\n<!-- \/wp:image -->\n\n<!-- wp:cover {\"url\":\"https:\/\/www.imperial-automobiles.ca\/wp-content\/uploads\/2024\/03\/Incoterms-2020-schema-asd-1-1024x644.png\",\"id\":242,\"dimRatio\":50,\"style\":{\"color\":{}}} -->\n<div class=\"wp-block-cover\"><span aria-hidden=\"true\" class=\"wp-block-cover__background has-background-dim\"><\/span><img class=\"wp-block-cover__image-background wp-image-242\" alt=\"\" src=\"https:\/\/www.imperial-automobiles.ca\/wp-content\/uploads\/2024\/03\/Incoterms-2020-schema-asd-1-1024x644.png\" data-object-fit=\"cover\"\/><div class=\"wp-block-cover__inner-container\"><!-- wp:paragraph {\"align\":\"center\",\"fontSize\":\"large\"} -->\n<p class=\"has-text-align-center has-large-font-size\"><\/p>\n<!-- \/wp:paragraph --><\/div><\/div>\n<!-- \/wp:cover -->\n\n<!-- wp:paragraph -->\n<p>Incoterms utilis\u00e9s FOB CIF CFR<\/p>\n<!-- \/wp:paragraph -->","_fr_post_name":"transport-maritime","_fr_post_excerpt":"","_fr_post_title":"Transport maritime","_en_post_content":"","_en_post_name":"","_en_post_excerpt":"","_en_post_title":"","edit_language":"fr","footnotes":""},"class_list":["post-61","page","type-page","status-publish","hentry"],"_links":{"self":[{"href":"https:\/\/www.imperial-automobiles.ca\/index.php\/wp-json\/wp\/v2\/pages\/61","targetHints":{"allow":["GET"]}}],"collection":[{"href":"https:\/\/www.imperial-automobiles.ca\/index.php\/wp-json\/wp\/v2\/pages"}],"about":[{"href":"https:\/\/www.imperial-automobiles.ca\/index.php\/wp-json\/wp\/v2\/types\/page"}],"author":[{"embeddable":true,"href":"https:\/\/www.imperial-automobiles.ca\/index.php\/wp-json\/wp\/v2\/users\/1"}],"replies":[{"embeddable":true,"href":"https:\/\/www.imperial-automobiles.ca\/index.php\/wp-json\/wp\/v2\/comments?post=61"}],"version-history":[{"count":14,"href":"https:\/\/www.imperial-automobiles.ca\/index.php\/wp-json\/wp\/v2\/pages\/61\/revisions"}],"predecessor-version":[{"id":272,"href":"https:\/\/www.imperial-automobiles.ca\/index.php\/wp-json\/wp\/v2\/pages\/61\/revisions\/272"}],"wp:attachment":[{"href":"https:\/\/www.imperial-automobiles.ca\/index.php\/wp-json\/wp\/v2\/media?parent=61"}],"curies":[{"name":"wp","href":"https:\/\/api.w.org\/{rel}","templated":true}]}}