{"id":82,"date":"2023-12-24T11:31:34","date_gmt":"2023-12-24T10:31:34","guid":{"rendered":"https:\/\/www.imperial-automobiles.ca\/?page_id=82"},"modified":"2024-06-08T08:36:05","modified_gmt":"2024-06-08T06:36:05","slug":"homologation","status":"publish","type":"page","link":"https:\/\/www.imperial-automobiles.ca\/index.php\/homologation\/","title":{"rendered":"Homologation"},"content":{"rendered":"\n<p>Imperial Automobile ne fait pas d&rsquo;homologation de v\u00e9hicule export\u00e9s vers la France ou en Europe. <\/p>\n\n\n\n<p>Pourquoi ? Car nous ne sommes pas implant\u00e9 en France et ce n&rsquo;est pas notre sp\u00e9cialit\u00e9. Notre sp\u00e9cialit\u00e9 c&rsquo;est l&rsquo;expertise et l&rsquo;import et export de v\u00e9hicules automobiles.<\/p>\n\n\n\n<p>N\u00e9anmoins des conseils sont disponibles sur le site.<\/p>\n\n\n\n<p><a href=\"https:\/\/www.imperial-automobiles.ca\/index.php\/partenaires\/\">Liste des partenaires homologateurs en France<\/a><\/p>\n\n\n\n<p>Selon votre localisation et votre choix vous pourrez choisir votre homologateur pour cette op\u00e9ration.<\/p>\n\n\n\n<p class=\"has-text-align-center\"><strong>Homologation d&rsquo;un v\u00e9hicule am\u00e9ricain<\/strong><\/p>\n\n\n\n<p class=\"has-text-align-left\">Le v\u00e9hicule d&rsquo;origine am\u00e9ricaine est con\u00e7u pour rouler dans les contraintes r\u00e9glementaire de la FMVSS aux USA ou CMVSS au Canada. Les normes sont identiques compte tenu des accords de libre \u00e9change qui lient ces deux pays.<br>Ce qui signifie qu&rsquo;il faut rendre le v\u00e9hicule import\u00e9 conforme aux contraintes r\u00e9glementaire en vigueur en France. Il faut en g\u00e9n\u00e9ral modifier l&rsquo;\u00e9clairage, vitrages, effectuer des modifications mineures afin que le soit conforme pour rouler sur les routes Fran\u00e7aises et europ\u00e9ennes.<br>Il est fortement d\u00e9conseill\u00e9 d&rsquo;acheter des v\u00e9hicules modifi\u00e9s en apr\u00e8s vente cela peut compromettre l&rsquo;homologation de celui-ci.<\/p>\n\n\n\n<div class=\"wp-block-media-text is-stacked-on-mobile\"><figure class=\"wp-block-media-text__media\"><img loading=\"lazy\" decoding=\"async\" width=\"707\" height=\"1024\" src=\"https:\/\/www.imperial-automobiles.ca\/wp-content\/uploads\/2024\/05\/Untitled-2-707x1024.jpg\" alt=\"\" class=\"wp-image-390 size-full\" srcset=\"https:\/\/www.imperial-automobiles.ca\/wp-content\/uploads\/2024\/05\/Untitled-2-707x1024.jpg 707w, https:\/\/www.imperial-automobiles.ca\/wp-content\/uploads\/2024\/05\/Untitled-2-207x300.jpg 207w, https:\/\/www.imperial-automobiles.ca\/wp-content\/uploads\/2024\/05\/Untitled-2-768x1112.jpg 768w, https:\/\/www.imperial-automobiles.ca\/wp-content\/uploads\/2024\/05\/Untitled-2-1061x1536.jpg 1061w, https:\/\/www.imperial-automobiles.ca\/wp-content\/uploads\/2024\/05\/Untitled-2-1414x2048.jpg 1414w, https:\/\/www.imperial-automobiles.ca\/wp-content\/uploads\/2024\/05\/Untitled-2.jpg 1486w\" sizes=\"auto, (max-width: 707px) 100vw, 707px\" \/><\/figure><div class=\"wp-block-media-text__content\">\n<ul class=\"wp-block-list\">\n<li>1 &#8211; Payer les taxes douani\u00e8res pour obtenir le 846A<\/li>\n\n\n\n<li>2 &#8211; Assurer le v\u00e9hicule, demander un provisoire WW<\/li>\n\n\n\n<li>3 &#8211; Passer le contr\u00f4le tecnique<\/li>\n\n\n\n<li>4 &#8211; Obtenir du constructeur une attestation de non conformit\u00e9 ou partielle*<\/li>\n\n\n\n<li>5 &#8211; Modifier le v\u00e9hicule \u00e0 l&rsquo;avance de fa\u00e7on \u00e0 ce qu&rsquo;il r\u00e9ponde aux normes<\/li>\n\n\n\n<li>6 &#8211; Constituer le dossier pour la DREAL en vue d&rsquo;obtenir une RTI<\/li>\n\n\n\n<li>7 &#8211; Programmer les essais avec l&rsquo;UTAC<\/li>\n\n\n\n<li>8 &#8211; Une fois votre v\u00e9hicule test\u00e9 \u00e0 l&rsquo;UTAC un dernier contr\u00f4le est r\u00e9alis\u00e9 par la DREAL locale.<\/li>\n\n\n\n<li>9 &#8211; Une fois tout valid\u00e9 vous aurez vos documents pour immatriculer le v\u00e9hicule<\/li>\n<\/ul>\n<\/div><\/div>\n\n\n\n<p>L&rsquo;immatriculation provisoire en WW est valable 4 mois donc le temps est compt\u00e9. Des soci\u00e9t\u00e9s tr\u00e8s comp\u00e9tentes \u00e0 ce sujet peuvent se charger de cette d\u00e9marche. Liens disponibles dans la page partenaires.<\/p>\n\n\n\n<div class=\"wp-block-media-text is-stacked-on-mobile\"><figure class=\"wp-block-media-text__media\"><img loading=\"lazy\" decoding=\"async\" width=\"600\" height=\"288\" src=\"https:\/\/www.imperial-automobiles.ca\/wp-content\/uploads\/2024\/05\/chevelle.jpg\" alt=\"\" class=\"wp-image-369 size-full\" srcset=\"https:\/\/www.imperial-automobiles.ca\/wp-content\/uploads\/2024\/05\/chevelle.jpg 600w, https:\/\/www.imperial-automobiles.ca\/wp-content\/uploads\/2024\/05\/chevelle-300x144.jpg 300w\" sizes=\"auto, (max-width: 600px) 100vw, 600px\" \/><\/figure><div class=\"wp-block-media-text__content\">\n<p class=\"has-text-align-center\"><strong>Homologation d&rsquo;un v\u00e9hicule am\u00e9ricain de collection <\/strong><\/p>\n\n\n\n<p class=\"has-text-align-center\">Pas d&rsquo;homologation pour un v\u00e9hicule collection de plus de 30 ans. Il faut avoir l&rsquo;ensemble des documents du v\u00e9hicule et constituer un dossier <a href=\"https:\/\/www.ffve.org\/\">FFVE<\/a>.<\/p>\n<\/div><\/div>\n\n\n\n<p><strong>Remarque importante : <\/strong>Un v\u00e9hicule de collection type r\u00e9plique doit avoir son certificat du constructeur sans ce document la constitution d&rsquo;un dossier FFVE est impossible.  <\/p>\n\n\n\n<p class=\"has-text-align-center\"><a href=\"https:\/\/www.caradisiac.com\/passer-en-carte-grise-collection-avantages-et-inconvenients-178587.htm\">Avantages et inconv\u00e9nients d&rsquo;un certificat v\u00e9hicule de collection lien Caradisiac<\/a><\/p>\n\n\n\n<div class=\"wp-block-media-text alignfull has-media-on-the-right is-stacked-on-mobile\"><div class=\"wp-block-media-text__content\">\n<p class=\"has-text-align-right\"><strong>Homologation d&rsquo;un v\u00e9hicule am\u00e9ricain d&rsquo;origine europ\u00e9enne<\/strong><\/p>\n\n\n\n<p>1 &#8211; Payer les frais et taxes douani\u00e8res pour obtenir le 846A<\/p>\n\n\n\n<p>2 &#8211; Assurer le v\u00e9hicule demander une plaque provisoire \u00e0 l&rsquo;ANTS en WW<\/p>\n\n\n\n<p>3 &#8211; Passer le Contr\u00f4le technique Fran\u00e7ais <\/p>\n\n\n\n<p>3 &#8211; Obtenir du constructeur une attestation de non conformit\u00e9 ou partielle*<\/p>\n\n\n\n<p>4 &#8211; Modifier le v\u00e9hicule \u00e0 l&rsquo;avance de fa\u00e7on \u00e0 ce qu&rsquo;il r\u00e9ponde aux normes<\/p>\n\n\n\n<p>5 &#8211; Constituer le dossier pour la DREAL en vue d&rsquo;obtenir une RTI <\/p>\n\n\n\n<p>6 &#8211; Programmer les essais avec l&rsquo;UTAC<\/p>\n\n\n\n<p>7 &#8211; Une fois votre v\u00e9hicule certifi\u00e9 conforme \u00e0 l&rsquo;UTAC un dernier contr\u00f4le est r\u00e9alis\u00e9 par la DREAL locale. <\/p>\n\n\n\n<p>8 &#8211; Une fois tout valid\u00e9 vous aurez vos documents pour immatriculer le v\u00e9hicule<\/p>\n\n\n\n<p>La d\u00e9marche est relativement identique cependant il faut faire attention \u00e0 obtenir du constructeur certificat de conformit\u00e9 partiel le plus l\u00e9ger possible car il n&rsquo;est pas exclu que des \u00e9l\u00e9ments types ceintures de s\u00e9curit\u00e9 n&rsquo;ayant pas la mention du type \u00ab\u00a0E1\u00a0\u00bb soient \u00e0 remplacer. Il est pr\u00e9f\u00e9rable d&rsquo;avoir une d\u00e9rogation sur les \u00e9l\u00e9ments portant sur la conformit\u00e9 afin d&rsquo;avoir le moins de pi\u00e8ces \u00e0 remplacer. M\u00eame chose le provisoire n&rsquo;est valable 4 mois il faut absolument faire cette d\u00e9marche de mani\u00e8re pr\u00e9par\u00e9e \u00e0 l&rsquo;avance afin d&rsquo;\u00e9viter d&rsquo;avoir un v\u00e9hicule ill\u00e9gal sur la route. Il est n\u00e9cessaire de demander les document au pr\u00e9alable au constructeur COC, fiche technique, attestation de non conformit\u00e9 au constructeur au pr\u00e9alable pour gagner du temps !<\/p>\n\n\n\n<p>Une fois votre v\u00e9hicule test\u00e9 par l&rsquo;UTAC, la DREAL vous fournira les documents n\u00e9cessaires \u00e0 l&rsquo;immatriculation. Des soci\u00e9t\u00e9s tr\u00e8s comp\u00e9tentes \u00e0 ce sujet peuvent se charger de cette d\u00e9marche.<\/p>\n<\/div><figure class=\"wp-block-media-text__media\"><img loading=\"lazy\" decoding=\"async\" width=\"575\" height=\"400\" src=\"https:\/\/www.imperial-automobiles.ca\/wp-content\/uploads\/2024\/05\/bmw_3-series_2008_pictures_1_b.jpg\" alt=\"\" class=\"wp-image-372 size-full\" srcset=\"https:\/\/www.imperial-automobiles.ca\/wp-content\/uploads\/2024\/05\/bmw_3-series_2008_pictures_1_b.jpg 575w, https:\/\/www.imperial-automobiles.ca\/wp-content\/uploads\/2024\/05\/bmw_3-series_2008_pictures_1_b-300x209.jpg 300w\" sizes=\"auto, (max-width: 575px) 100vw, 575px\" \/><\/figure><\/div>\n\n\n\n<p class=\"has-text-align-center\"><strong>Homologation d&rsquo;un v\u00e9hicule d&rsquo;origine europ\u00e9enne au Canada<\/strong><\/p>\n\n\n\n<div class=\"wp-block-media-text is-stacked-on-mobile\" style=\"grid-template-columns:59% auto\"><figure class=\"wp-block-media-text__media\"><img loading=\"lazy\" decoding=\"async\" width=\"450\" height=\"338\" src=\"https:\/\/www.imperial-automobiles.ca\/wp-content\/uploads\/2024\/05\/alfa-romeo-brera-spider-alfa-romeo-brera-spider-cars-trucks-oakville-halton-region-kijiji_9087052698.jpg\" alt=\"\" class=\"wp-image-385 size-full\" srcset=\"https:\/\/www.imperial-automobiles.ca\/wp-content\/uploads\/2024\/05\/alfa-romeo-brera-spider-alfa-romeo-brera-spider-cars-trucks-oakville-halton-region-kijiji_9087052698.jpg 450w, https:\/\/www.imperial-automobiles.ca\/wp-content\/uploads\/2024\/05\/alfa-romeo-brera-spider-alfa-romeo-brera-spider-cars-trucks-oakville-halton-region-kijiji_9087052698-300x225.jpg 300w\" sizes=\"auto, (max-width: 450px) 100vw, 450px\" \/><\/figure><div class=\"wp-block-media-text__content\">\n<p class=\"has-text-align-left\">Le v\u00e9hicule doit avoir 15 ans au minimum.<\/p>\n\n\n\n<p class=\"has-text-align-left\">1 &#8211; Payer les frais et taxes douani\u00e8res au Canada<\/p>\n\n\n\n<p class=\"has-text-align-left\">2 &#8211; Assurer le v\u00e9hicule passer le MVI<\/p>\n\n\n\n<p class=\"has-text-align-left\">3 &#8211; Faire la demande aupr\u00e8s du Registre des v\u00e9hicules import\u00e9s<\/p>\n\n\n\n<p class=\"has-text-align-left\">Une fois les documents obtenus immatriculer le v\u00e9hicule dans la province choisie pour obtenir les plaques d&rsquo;immatriculation.<\/p>\n\n\n\n<p class=\"has-text-align-center\"><\/p>\n<\/div><\/div>\n","protected":false},"excerpt":{"rendered":"<p>Imperial Automobile ne fait pas d&rsquo;homologation de v\u00e9hicule export\u00e9s vers la France ou en Europe. Pourquoi ? Car nous ne sommes pas implant\u00e9 en France et ce n&rsquo;est pas notre sp\u00e9cialit\u00e9. Notre sp\u00e9cialit\u00e9 c&rsquo;est l&rsquo;expertise et l&rsquo;import et export de v\u00e9hicules automobiles. N\u00e9anmoins des conseils sont disponibles sur le site. Liste des partenaires homologateurs en [&hellip;]<\/p>\n","protected":false},"author":1,"featured_media":0,"parent":0,"menu_order":0,"comment_status":"closed","ping_status":"closed","template":"","meta":{"_fr_post_content":"<!-- wp:paragraph -->\n<p>Imperial Automobile ne fait pas d'homologation de v\u00e9hicule export\u00e9s vers la France ou en Europe. <\/p>\n<!-- \/wp:paragraph -->\n\n<!-- wp:paragraph -->\n<p>Pourquoi ? Car nous ne sommes pas implant\u00e9 en France et ce n'est pas notre sp\u00e9cialit\u00e9. Notre sp\u00e9cialit\u00e9 c'est l'expertise et l'import et export de v\u00e9hicules automobiles.<\/p>\n<!-- \/wp:paragraph -->\n\n<!-- wp:paragraph -->\n<p>N\u00e9anmoins des conseils sont disponibles sur le site.<\/p>\n<!-- \/wp:paragraph -->\n\n<!-- wp:paragraph -->\n<p><a href=\"https:\/\/www.imperial-automobiles.ca\/index.php\/partenaires\/\">Liste des partenaires homologateurs en France<\/a><\/p>\n<!-- \/wp:paragraph -->\n\n<!-- wp:paragraph -->\n<p>Selon votre localisation et votre choix vous pourrez choisir votre homologateur pour cette op\u00e9ration.<\/p>\n<!-- \/wp:paragraph -->\n\n<!-- wp:paragraph {\"align\":\"center\"} -->\n<p class=\"has-text-align-center\"><strong>Homologation d'un v\u00e9hicule am\u00e9ricain<\/strong><\/p>\n<!-- \/wp:paragraph -->\n\n<!-- wp:paragraph {\"align\":\"left\"} -->\n<p class=\"has-text-align-left\">Le v\u00e9hicule d'origine am\u00e9ricaine est con\u00e7u pour rouler dans les contraintes r\u00e9glementaire de la FMVSS aux USA ou CMVSS au Canada. Les normes sont identiques compte tenu des accords de libre \u00e9change qui lient ces deux pays.<br>Ce qui signifie qu'il faut rendre le v\u00e9hicule import\u00e9 conforme aux contraintes r\u00e9glementaire en vigueur en France. Il faut en g\u00e9n\u00e9ral modifier l'\u00e9clairage, vitrages, effectuer des modifications mineures afin que le soit conforme pour rouler sur les routes Fran\u00e7aises et europ\u00e9ennes.<br>Il est fortement d\u00e9conseill\u00e9 d'acheter des v\u00e9hicules modifi\u00e9s en apr\u00e8s vente cela peut compromettre l'homologation de celui-ci.<\/p>\n<!-- \/wp:paragraph -->\n\n<!-- wp:media-text {\"mediaId\":390,\"mediaLink\":\"https:\/\/www.imperial-automobiles.ca\/index.php\/homologation\/untitled-2\/\",\"mediaType\":\"image\"} -->\n<div class=\"wp-block-media-text is-stacked-on-mobile\"><figure class=\"wp-block-media-text__media\"><img src=\"https:\/\/www.imperial-automobiles.ca\/wp-content\/uploads\/2024\/05\/Untitled-2-707x1024.jpg\" alt=\"\" class=\"wp-image-390 size-full\"\/><\/figure><div class=\"wp-block-media-text__content\"><!-- wp:list -->\n<ul><!-- wp:list-item -->\n<li>1 - Payer les taxes douani\u00e8res pour obtenir le 846A<\/li>\n<!-- \/wp:list-item -->\n\n<!-- wp:list-item -->\n<li>2 - Assurer le v\u00e9hicule, demander un provisoire WW<\/li>\n<!-- \/wp:list-item -->\n\n<!-- wp:list-item -->\n<li>3 - Passer le contr\u00f4le tecnique<\/li>\n<!-- \/wp:list-item -->\n\n<!-- wp:list-item -->\n<li>4 - Obtenir du constructeur une attestation de non conformit\u00e9 ou partielle*<\/li>\n<!-- \/wp:list-item -->\n\n<!-- wp:list-item -->\n<li>5 - Modifier le v\u00e9hicule \u00e0 l'avance de fa\u00e7on \u00e0 ce qu'il r\u00e9ponde aux normes<\/li>\n<!-- \/wp:list-item -->\n\n<!-- wp:list-item -->\n<li>6 - Constituer le dossier pour la DREAL en vue d'obtenir une RTI<\/li>\n<!-- \/wp:list-item -->\n\n<!-- wp:list-item -->\n<li>7 - Programmer les essais avec l'UTAC<\/li>\n<!-- \/wp:list-item -->\n\n<!-- wp:list-item -->\n<li>8 - Une fois votre v\u00e9hicule test\u00e9 \u00e0 l'UTAC un dernier contr\u00f4le est r\u00e9alis\u00e9 par la DREAL locale.<\/li>\n<!-- \/wp:list-item -->\n\n<!-- wp:list-item -->\n<li>9 - Une fois tout valid\u00e9 vous aurez vos documents pour immatriculer le v\u00e9hicule<\/li>\n<!-- \/wp:list-item --><\/ul>\n<!-- \/wp:list --><\/div><\/div>\n<!-- \/wp:media-text -->\n\n<!-- wp:paragraph -->\n<p>L'immatriculation provisoire en WW est valable 4 mois donc le temps est compt\u00e9. Des soci\u00e9t\u00e9s tr\u00e8s comp\u00e9tentes \u00e0 ce sujet peuvent se charger de cette d\u00e9marche. Liens disponibles dans la page partenaires.<\/p>\n<!-- \/wp:paragraph -->\n\n<!-- wp:media-text {\"mediaId\":369,\"mediaLink\":\"https:\/\/www.imperial-automobiles.ca\/index.php\/homologation\/chevelle\/\",\"mediaType\":\"image\"} -->\n<div class=\"wp-block-media-text is-stacked-on-mobile\"><figure class=\"wp-block-media-text__media\"><img src=\"https:\/\/www.imperial-automobiles.ca\/wp-content\/uploads\/2024\/05\/chevelle.jpg\" alt=\"\" class=\"wp-image-369 size-full\"\/><\/figure><div class=\"wp-block-media-text__content\"><!-- wp:paragraph {\"align\":\"center\"} -->\n<p class=\"has-text-align-center\"><strong>Homologation d'un v\u00e9hicule am\u00e9ricain de collection <\/strong><\/p>\n<!-- \/wp:paragraph -->\n\n<!-- wp:paragraph {\"align\":\"center\"} -->\n<p class=\"has-text-align-center\">Pas d'homologation pour un v\u00e9hicule collection de plus de 30 ans. Il faut avoir l'ensemble des documents du v\u00e9hicule et constituer un dossier <a href=\"https:\/\/www.ffve.org\/\">FFVE<\/a>.<\/p>\n<!-- \/wp:paragraph --><\/div><\/div>\n<!-- \/wp:media-text -->\n\n<!-- wp:paragraph -->\n<p><strong>Remarque importante : <\/strong>Un v\u00e9hicule de collection type r\u00e9plique doit avoir son certificat du constructeur sans ce document la constitution d'un dossier FFVE est impossible.  <\/p>\n<!-- \/wp:paragraph -->\n\n<!-- wp:paragraph {\"align\":\"center\"} -->\n<p class=\"has-text-align-center\"><a href=\"https:\/\/www.caradisiac.com\/passer-en-carte-grise-collection-avantages-et-inconvenients-178587.htm\">Avantages et inconv\u00e9nients d'un certificat v\u00e9hicule de collection lien Caradisiac<\/a><\/p>\n<!-- \/wp:paragraph -->\n\n<!-- wp:media-text {\"align\":\"full\",\"mediaPosition\":\"right\",\"mediaId\":372,\"mediaLink\":\"https:\/\/www.imperial-automobiles.ca\/index.php\/homologation\/bmw_3-series_2008_pictures_1_b\/\",\"mediaType\":\"image\"} -->\n<div class=\"wp-block-media-text alignfull has-media-on-the-right is-stacked-on-mobile\"><div class=\"wp-block-media-text__content\"><!-- wp:paragraph {\"align\":\"right\"} -->\n<p class=\"has-text-align-right\"><strong>Homologation d'un v\u00e9hicule am\u00e9ricain d'origine europ\u00e9enne<\/strong><\/p>\n<!-- \/wp:paragraph -->\n\n<!-- wp:paragraph -->\n<p>1 - Payer les frais et taxes douani\u00e8res pour obtenir le 846A<\/p>\n<!-- \/wp:paragraph -->\n\n<!-- wp:paragraph -->\n<p>2 - Assurer le v\u00e9hicule demander une plaque provisoire \u00e0 l'ANTS en WW<\/p>\n<!-- \/wp:paragraph -->\n\n<!-- wp:paragraph -->\n<p>3 - Passer le Contr\u00f4le technique Fran\u00e7ais <\/p>\n<!-- \/wp:paragraph -->\n\n<!-- wp:paragraph -->\n<p>3 - Obtenir du constructeur une attestation de non conformit\u00e9 ou partielle*<\/p>\n<!-- \/wp:paragraph -->\n\n<!-- wp:paragraph -->\n<p>4 - Modifier le v\u00e9hicule \u00e0 l'avance de fa\u00e7on \u00e0 ce qu'il r\u00e9ponde aux normes<\/p>\n<!-- \/wp:paragraph -->\n\n<!-- wp:paragraph -->\n<p>5 - Constituer le dossier pour la DREAL en vue d'obtenir une RTI <\/p>\n<!-- \/wp:paragraph -->\n\n<!-- wp:paragraph -->\n<p>6 - Programmer les essais avec l'UTAC<\/p>\n<!-- \/wp:paragraph -->\n\n<!-- wp:paragraph -->\n<p>7 - Une fois votre v\u00e9hicule certifi\u00e9 conforme \u00e0 l'UTAC un dernier contr\u00f4le est r\u00e9alis\u00e9 par la DREAL locale. <\/p>\n<!-- \/wp:paragraph -->\n\n<!-- wp:paragraph -->\n<p>8 - Une fois tout valid\u00e9 vous aurez vos documents pour immatriculer le v\u00e9hicule<\/p>\n<!-- \/wp:paragraph -->\n\n<!-- wp:paragraph -->\n<p>La d\u00e9marche est relativement identique cependant il faut faire attention \u00e0 obtenir du constructeur certificat de conformit\u00e9 partiel le plus l\u00e9ger possible car il n'est pas exclu que des \u00e9l\u00e9ments types ceintures de s\u00e9curit\u00e9 n'ayant pas la mention du type \"E1\" soient \u00e0 remplacer. Il est pr\u00e9f\u00e9rable d'avoir une d\u00e9rogation sur les \u00e9l\u00e9ments portant sur la conformit\u00e9 afin d'avoir le moins de pi\u00e8ces \u00e0 remplacer. M\u00eame chose le provisoire n'est valable 4 mois il faut absolument faire cette d\u00e9marche de mani\u00e8re pr\u00e9par\u00e9e \u00e0 l'avance afin d'\u00e9viter d'avoir un v\u00e9hicule ill\u00e9gal sur la route. Il est n\u00e9cessaire de demander les document au pr\u00e9alable au constructeur COC, fiche technique, attestation de non conformit\u00e9 au constructeur au pr\u00e9alable pour gagner du temps !<\/p>\n<!-- \/wp:paragraph -->\n\n<!-- wp:paragraph -->\n<p>Une fois votre v\u00e9hicule test\u00e9 par l'UTAC, la DREAL vous fournira les documents n\u00e9cessaires \u00e0 l'immatriculation. Des soci\u00e9t\u00e9s tr\u00e8s comp\u00e9tentes \u00e0 ce sujet peuvent se charger de cette d\u00e9marche.<\/p>\n<!-- \/wp:paragraph --><\/div><figure class=\"wp-block-media-text__media\"><img src=\"https:\/\/www.imperial-automobiles.ca\/wp-content\/uploads\/2024\/05\/bmw_3-series_2008_pictures_1_b.jpg\" alt=\"\" class=\"wp-image-372 size-full\"\/><\/figure><\/div>\n<!-- \/wp:media-text -->\n\n<!-- wp:paragraph {\"align\":\"center\"} -->\n<p class=\"has-text-align-center\"><strong>Homologation d'un v\u00e9hicule d'origine europ\u00e9enne au Canada<\/strong><\/p>\n<!-- \/wp:paragraph -->\n\n<!-- wp:media-text {\"mediaId\":385,\"mediaLink\":\"https:\/\/www.imperial-automobiles.ca\/index.php\/homologation\/alfa-romeo-brera-spider-alfa-romeo-brera-spider-cars-trucks-oakville-halton-region-kijiji_9087052698\/\",\"mediaType\":\"image\",\"mediaWidth\":59} -->\n<div class=\"wp-block-media-text is-stacked-on-mobile\" style=\"grid-template-columns:59% auto\"><figure class=\"wp-block-media-text__media\"><img src=\"https:\/\/www.imperial-automobiles.ca\/wp-content\/uploads\/2024\/05\/alfa-romeo-brera-spider-alfa-romeo-brera-spider-cars-trucks-oakville-halton-region-kijiji_9087052698.jpg\" alt=\"\" class=\"wp-image-385 size-full\"\/><\/figure><div class=\"wp-block-media-text__content\"><!-- wp:paragraph {\"align\":\"left\"} -->\n<p class=\"has-text-align-left\">Le v\u00e9hicule doit avoir 15 ans au minimum.<\/p>\n<!-- \/wp:paragraph -->\n\n<!-- wp:paragraph {\"align\":\"left\"} -->\n<p class=\"has-text-align-left\">1 - Payer les frais et taxes douani\u00e8res au Canada<\/p>\n<!-- \/wp:paragraph -->\n\n<!-- wp:paragraph {\"align\":\"left\"} -->\n<p class=\"has-text-align-left\">2 - Assurer le v\u00e9hicule passer le MVI<\/p>\n<!-- \/wp:paragraph -->\n\n<!-- wp:paragraph {\"align\":\"left\"} -->\n<p class=\"has-text-align-left\">3 - Faire la demande aupr\u00e8s du Registre des v\u00e9hicules import\u00e9s<\/p>\n<!-- \/wp:paragraph -->\n\n<!-- wp:paragraph {\"align\":\"left\"} -->\n<p class=\"has-text-align-left\">Une fois les documents obtenus immatriculer le v\u00e9hicule dans la province choisie pour obtenir les plaques d'immatriculation.<\/p>\n<!-- \/wp:paragraph -->\n\n<!-- wp:paragraph {\"align\":\"center\"} -->\n<p class=\"has-text-align-center\"><\/p>\n<!-- \/wp:paragraph --><\/div><\/div>\n<!-- \/wp:media-text -->","_fr_post_name":"homologation","_fr_post_excerpt":"","_fr_post_title":"Homologation","_en_post_content":"","_en_post_name":"","_en_post_excerpt":"","_en_post_title":"","edit_language":"fr","footnotes":""},"class_list":["post-82","page","type-page","status-publish","hentry"],"_links":{"self":[{"href":"https:\/\/www.imperial-automobiles.ca\/index.php\/wp-json\/wp\/v2\/pages\/82","targetHints":{"allow":["GET"]}}],"collection":[{"href":"https:\/\/www.imperial-automobiles.ca\/index.php\/wp-json\/wp\/v2\/pages"}],"about":[{"href":"https:\/\/www.imperial-automobiles.ca\/index.php\/wp-json\/wp\/v2\/types\/page"}],"author":[{"embeddable":true,"href":"https:\/\/www.imperial-automobiles.ca\/index.php\/wp-json\/wp\/v2\/users\/1"}],"replies":[{"embeddable":true,"href":"https:\/\/www.imperial-automobiles.ca\/index.php\/wp-json\/wp\/v2\/comments?post=82"}],"version-history":[{"count":35,"href":"https:\/\/www.imperial-automobiles.ca\/index.php\/wp-json\/wp\/v2\/pages\/82\/revisions"}],"predecessor-version":[{"id":406,"href":"https:\/\/www.imperial-automobiles.ca\/index.php\/wp-json\/wp\/v2\/pages\/82\/revisions\/406"}],"wp:attachment":[{"href":"https:\/\/www.imperial-automobiles.ca\/index.php\/wp-json\/wp\/v2\/media?parent=82"}],"curies":[{"name":"wp","href":"https:\/\/api.w.org\/{rel}","templated":true}]}}